{"id":5456,"date":"2022-11-01T11:02:16","date_gmt":"2022-11-01T10:02:16","guid":{"rendered":"https:\/\/cftc-sicsti.fr\/spie\/?page_id=5456"},"modified":"2022-11-28T19:30:22","modified_gmt":"2022-11-28T18:30:22","slug":"_contacts","status":"publish","type":"page","link":"https:\/\/cftc-sicsti.fr\/spie\/_contacts\/","title":{"rendered":"Contacts"},"content":{"rendered":"\t\t<div data-elementor-type=\"wp-page\" data-elementor-id=\"5456\" class=\"elementor elementor-5456\" data-elementor-post-type=\"page\">\n\t\t\t\t\t\t<section class=\"elementor-section elementor-top-section elementor-element elementor-element-2dd84164 elementor-section-height-min-height elementor-section-full_width elementor-section-stretched elementor-section-height-default elementor-section-items-middle\" data-id=\"2dd84164\" data-element_type=\"section\" data-e-type=\"section\" data-settings=\"{&quot;background_background&quot;:&quot;gradient&quot;,&quot;shape_divider_bottom&quot;:&quot;waves&quot;,&quot;stretch_section&quot;:&quot;section-stretched&quot;}\">\n\t\t\t\t\t\t\t<div class=\"elementor-background-overlay\"><\/div>\n\t\t\t\t\t\t<div class=\"elementor-shape elementor-shape-bottom\" aria-hidden=\"true\" data-negative=\"false\">\n\t\t\t<svg xmlns=\"http:\/\/www.w3.org\/2000\/svg\" viewBox=\"0 0 1000 100\" preserveAspectRatio=\"none\">\n\t<path class=\"elementor-shape-fill\" d=\"M421.9,6.5c22.6-2.5,51.5,0.4,75.5,5.3c23.6,4.9,70.9,23.5,100.5,35.7c75.8,32.2,133.7,44.5,192.6,49.7\n\tc23.6,2.1,48.7,3.5,103.4-2.5c54.7-6,106.2-25.6,106.2-25.6V0H0v30.3c0,0,72,32.6,158.4,30.5c39.2-0.7,92.8-6.7,134-22.4\n\tc21.2-8.1,52.2-18.2,79.7-24.2C399.3,7.9,411.6,7.5,421.9,6.5z\"\/>\n<\/svg>\t\t<\/div>\n\t\t\t\t\t<div class=\"elementor-container elementor-column-gap-default\">\n\t\t\t\t\t<div class=\"elementor-column elementor-col-100 elementor-top-column elementor-element elementor-element-cc68c24\" data-id=\"cc68c24\" data-element_type=\"column\" data-e-type=\"column\">\n\t\t\t<div class=\"elementor-widget-wrap elementor-element-populated\">\n\t\t\t\t\t\t<div class=\"elementor-element elementor-element-307a6a48 elementor-widget elementor-widget-heading\" data-id=\"307a6a48\" data-element_type=\"widget\" data-e-type=\"widget\" data-widget_type=\"heading.default\">\n\t\t\t\t<div class=\"elementor-widget-container\">\n\t\t\t\t\t<h1 class=\"elementor-heading-title elementor-size-default\">Contactez-nous !<\/h1>\t\t\t\t<\/div>\n\t\t\t\t<\/div>\n\t\t\t\t<div class=\"elementor-element elementor-element-4efbe60 elementor-widget elementor-widget-heading\" data-id=\"4efbe60\" data-element_type=\"widget\" data-e-type=\"widget\" data-widget_type=\"heading.default\">\n\t\t\t\t<div class=\"elementor-widget-container\">\n\t\t\t\t\t<h3 class=\"elementor-heading-title elementor-size-default\">Pour toute question et\/ou conseil <br>n\u2019h\u00e9sitez pas \u00e0 nous solliciter: <\/h3>\t\t\t\t<\/div>\n\t\t\t\t<\/div>\n\t\t\t\t<div class=\"elementor-element elementor-element-42470505 elementor-align-center elementor-icon-list--layout-traditional elementor-list-item-link-full_width elementor-widget elementor-widget-icon-list\" data-id=\"42470505\" data-element_type=\"widget\" data-e-type=\"widget\" data-widget_type=\"icon-list.default\">\n\t\t\t\t<div class=\"elementor-widget-container\">\n\t\t\t\t\t\t\t<ul class=\"elementor-icon-list-items\">\n\t\t\t\t\t\t\t<li class=\"elementor-icon-list-item\">\n\t\t\t\t\t\t\t\t\t\t\t<a href=\"mailto:syndicat_cftc.sis@spie.com\">\n\n\t\t\t\t\t\t\t\t\t\t\t<span class=\"elementor-icon-list-text\">syndicat_cftc.sis@spie.com<\/span>\n\t\t\t\t\t\t\t\t\t\t\t<\/a>\n\t\t\t\t\t\t\t\t\t<\/li>\n\t\t\t\t\t\t\t\t<li class=\"elementor-icon-list-item\">\n\t\t\t\t\t\t\t\t\t\t\t<a href=\"mailto:cftc.spie.ics@gmail.com\">\n\n\t\t\t\t\t\t\t\t\t\t\t<span class=\"elementor-icon-list-text\">cftc.spie.ics@gmail.com<\/span>\n\t\t\t\t\t\t\t\t\t\t\t<\/a>\n\t\t\t\t\t\t\t\t\t<\/li>\n\t\t\t\t\t\t<\/ul>\n\t\t\t\t\t\t<\/div>\n\t\t\t\t<\/div>\n\t\t\t\t\t<\/div>\n\t\t<\/div>\n\t\t\t\t\t<\/div>\n\t\t<\/section>\n\t\t\t\t<section class=\"elementor-section elementor-top-section elementor-element elementor-element-5771bf12 elementor-section-stretched elementor-section-full_width elementor-section-height-default elementor-section-height-default\" data-id=\"5771bf12\" data-element_type=\"section\" data-e-type=\"section\" data-settings=\"{&quot;background_background&quot;:&quot;gradient&quot;,&quot;stretch_section&quot;:&quot;section-stretched&quot;}\">\n\t\t\t\t\t\t\t<div class=\"elementor-background-overlay\"><\/div>\n\t\t\t\t\t\t\t<div class=\"elementor-container elementor-column-gap-default\">\n\t\t\t\t\t<div class=\"elementor-column elementor-col-100 elementor-top-column elementor-element elementor-element-31226270\" data-id=\"31226270\" data-element_type=\"column\" data-e-type=\"column\">\n\t\t\t<div class=\"elementor-widget-wrap elementor-element-populated\">\n\t\t\t\t\t\t<div class=\"elementor-element elementor-element-12ee7c4e elementor-widget elementor-widget-heading\" data-id=\"12ee7c4e\" data-element_type=\"widget\" data-e-type=\"widget\" data-settings=\"{&quot;motion_fx_motion_fx_scrolling&quot;:&quot;yes&quot;,&quot;motion_fx_translateY_effect&quot;:&quot;yes&quot;,&quot;motion_fx_translateY_speed&quot;:{&quot;unit&quot;:&quot;px&quot;,&quot;size&quot;:&quot;0.5&quot;,&quot;sizes&quot;:[]},&quot;motion_fx_translateY_affectedRange&quot;:{&quot;unit&quot;:&quot;%&quot;,&quot;size&quot;:&quot;&quot;,&quot;sizes&quot;:{&quot;start&quot;:&quot;0&quot;,&quot;end&quot;:&quot;50&quot;}},&quot;motion_fx_opacity_effect&quot;:&quot;yes&quot;,&quot;motion_fx_opacity_range&quot;:{&quot;unit&quot;:&quot;%&quot;,&quot;size&quot;:&quot;&quot;,&quot;sizes&quot;:{&quot;start&quot;:&quot;0&quot;,&quot;end&quot;:&quot;50&quot;}},&quot;motion_fx_opacity_direction&quot;:&quot;out-in&quot;,&quot;motion_fx_opacity_level&quot;:{&quot;unit&quot;:&quot;px&quot;,&quot;size&quot;:10,&quot;sizes&quot;:[]},&quot;motion_fx_devices&quot;:[&quot;desktop&quot;,&quot;tablet&quot;,&quot;mobile&quot;]}\" data-widget_type=\"heading.default\">\n\t\t\t\t<div class=\"elementor-widget-container\">\n\t\t\t\t\t<h4 class=\"elementor-heading-title elementor-size-default\">Syndicat CFTC<br>SPIE ICS<\/h4>\t\t\t\t<\/div>\n\t\t\t\t<\/div>\n\t\t\t\t<div class=\"elementor-element elementor-element-116facea elementor-widget elementor-widget-heading\" data-id=\"116facea\" data-element_type=\"widget\" data-e-type=\"widget\" data-widget_type=\"heading.default\">\n\t\t\t\t<div class=\"elementor-widget-container\">\n\t\t\t\t\t<h2 class=\"elementor-heading-title elementor-size-default\"><a href=\"http:\/\/cftc-sicsti.fr\/spie\" target=\"_blank\">CFTC SPIE ICS\n150 rue Pierre Brossolette\n92240 MALAKOFF\ncontact tel : 06 29 51 61 82\n\nHoraire d\u2019ouverture :\nlundi au vendredi : 09h00 -17h00<\/a><\/h2>\t\t\t\t<\/div>\n\t\t\t\t<\/div>\n\t\t\t\t<div class=\"elementor-element elementor-element-500eaa76 elementor-widget elementor-widget-google_maps\" data-id=\"500eaa76\" data-element_type=\"widget\" data-e-type=\"widget\" data-widget_type=\"google_maps.default\">\n\t\t\t\t<div class=\"elementor-widget-container\">\n\t\t\t\t\t\t\t<div class=\"elementor-custom-embed\">\n\t\t\t<iframe loading=\"lazy\"\n\t\t\t\t\tsrc=\"https:\/\/maps.google.com\/maps?q=CFTC%20SPIE%20ICS%20150%20rue%20Pierre%20Brossolette%2092240%20MALAKOFF&#038;t=m&#038;z=13&#038;output=embed&#038;iwloc=near\"\n\t\t\t\t\ttitle=\"CFTC SPIE ICS 150 rue Pierre Brossolette 92240 MALAKOFF\"\n\t\t\t\t\taria-label=\"CFTC SPIE ICS 150 rue Pierre Brossolette 92240 MALAKOFF\"\n\t\t\t><\/iframe>\n\t\t<\/div>\n\t\t\t\t\t\t<\/div>\n\t\t\t\t<\/div>\n\t\t\t\t\t<\/div>\n\t\t<\/div>\n\t\t\t\t\t<\/div>\n\t\t<\/section>\n\t\t\t\t<section class=\"elementor-section elementor-top-section elementor-element elementor-element-27048eac elementor-section-full_width elementor-section-stretched elementor-section-height-default elementor-section-height-default\" data-id=\"27048eac\" data-element_type=\"section\" data-e-type=\"section\" data-settings=\"{&quot;background_background&quot;:&quot;classic&quot;,&quot;stretch_section&quot;:&quot;section-stretched&quot;}\">\n\t\t\t\t\t\t<div class=\"elementor-container elementor-column-gap-no\">\n\t\t\t\t\t<div class=\"elementor-column elementor-col-100 elementor-top-column elementor-element elementor-element-5f416575\" data-id=\"5f416575\" data-element_type=\"column\" data-e-type=\"column\">\n\t\t\t<div class=\"elementor-widget-wrap elementor-element-populated\">\n\t\t\t\t\t\t<div class=\"elementor-element elementor-element-5f308371 elementor-widget elementor-widget-heading\" data-id=\"5f308371\" data-element_type=\"widget\" data-e-type=\"widget\" data-widget_type=\"heading.default\">\n\t\t\t\t<div class=\"elementor-widget-container\">\n\t\t\t\t\t<h2 class=\"elementor-heading-title elementor-size-default\">vos d\u00e9l\u00e9gu\u00e9s CFTC SPIE ICS<\/h2>\t\t\t\t<\/div>\n\t\t\t\t<\/div>\n\t\t\t\t\t<\/div>\n\t\t<\/div>\n\t\t\t\t\t<\/div>\n\t\t<\/section>\n\t\t\t\t<section class=\"elementor-section elementor-top-section elementor-element elementor-element-64782cf4 elementor-section-full_width elementor-section-stretched elementor-section-height-default elementor-section-height-default\" data-id=\"64782cf4\" data-element_type=\"section\" data-e-type=\"section\" data-settings=\"{&quot;background_background&quot;:&quot;classic&quot;,&quot;stretch_section&quot;:&quot;section-stretched&quot;}\">\n\t\t\t\t\t\t<div class=\"elementor-container elementor-column-gap-no\">\n\t\t\t\t\t<div class=\"elementor-column elementor-col-33 elementor-top-column elementor-element elementor-element-4a24110b\" data-id=\"4a24110b\" data-element_type=\"column\" data-e-type=\"column\">\n\t\t\t<div class=\"elementor-widget-wrap elementor-element-populated\">\n\t\t\t\t\t\t<div class=\"elementor-element elementor-element-6c3e8dc9 elementor-vertical-align-middle elementor-position-left elementor-widget elementor-widget-image-box\" data-id=\"6c3e8dc9\" data-element_type=\"widget\" data-e-type=\"widget\" data-widget_type=\"image-box.default\">\n\t\t\t\t<div class=\"elementor-widget-container\">\n\t\t\t\t\t<div class=\"elementor-image-box-wrapper\"><figure class=\"elementor-image-box-img\"><a href=\"http:\/\/pierre.decosse@spie.com\" tabindex=\"-1\"><img fetchpriority=\"high\" decoding=\"async\" width=\"176\" height=\"300\" src=\"https:\/\/cftc-sicsti.fr\/spie\/wp-content\/uploads\/sites\/146\/2022\/11\/Pierre-DECOSSE-2019-176x300.jpg\" class=\"attachment-medium size-medium wp-image-5457\" alt=\"\" srcset=\"https:\/\/cftc-sicsti.fr\/spie\/wp-content\/uploads\/sites\/146\/2022\/11\/Pierre-DECOSSE-2019-176x300.jpg 176w, https:\/\/cftc-sicsti.fr\/spie\/wp-content\/uploads\/sites\/146\/2022\/11\/Pierre-DECOSSE-2019.jpg 402w\" sizes=\"(max-width: 176px) 100vw, 176px\" \/><\/a><\/figure><div class=\"elementor-image-box-content\"><h3 class=\"elementor-image-box-title\"><a href=\"http:\/\/pierre.decosse@spie.com\">Pierre <br>DECOSSE<\/a><\/h3><p class=\"elementor-image-box-description\">DS coordinateur<\/p><\/div><\/div>\t\t\t\t<\/div>\n\t\t\t\t<\/div>\n\t\t\t\t\t<\/div>\n\t\t<\/div>\n\t\t\t\t<div class=\"elementor-column elementor-col-33 elementor-top-column elementor-element elementor-element-642d0740\" data-id=\"642d0740\" data-element_type=\"column\" data-e-type=\"column\">\n\t\t\t<div class=\"elementor-widget-wrap elementor-element-populated\">\n\t\t\t\t\t\t<div class=\"elementor-element elementor-element-1f6a135a elementor-vertical-align-middle elementor-position-left elementor-widget elementor-widget-image-box\" data-id=\"1f6a135a\" data-element_type=\"widget\" data-e-type=\"widget\" data-widget_type=\"image-box.default\">\n\t\t\t\t<div class=\"elementor-widget-container\">\n\t\t\t\t\t<div class=\"elementor-image-box-wrapper\"><figure class=\"elementor-image-box-img\"><a href=\"http:\/\/aur\u00e9lie.guillerm@spie.com\" tabindex=\"-1\"><img decoding=\"async\" width=\"225\" height=\"300\" src=\"https:\/\/cftc-sicsti.fr\/spie\/wp-content\/uploads\/sites\/146\/2022\/11\/IMG_424511-225x300.jpg\" class=\"attachment-medium size-medium wp-image-5458\" alt=\"\" srcset=\"https:\/\/cftc-sicsti.fr\/spie\/wp-content\/uploads\/sites\/146\/2022\/11\/IMG_424511-225x300.jpg 225w, https:\/\/cftc-sicsti.fr\/spie\/wp-content\/uploads\/sites\/146\/2022\/11\/IMG_424511-768x1024.jpg 768w, https:\/\/cftc-sicsti.fr\/spie\/wp-content\/uploads\/sites\/146\/2022\/11\/IMG_424511-600x800.jpg 600w, https:\/\/cftc-sicsti.fr\/spie\/wp-content\/uploads\/sites\/146\/2022\/11\/IMG_424511-1152x1536.jpg 1152w, https:\/\/cftc-sicsti.fr\/spie\/wp-content\/uploads\/sites\/146\/2022\/11\/IMG_424511.jpg 1200w\" sizes=\"(max-width: 225px) 100vw, 225px\" \/><\/a><\/figure><div class=\"elementor-image-box-content\"><h3 class=\"elementor-image-box-title\"><a href=\"http:\/\/aur\u00e9lie.guillerm@spie.com\">Aur\u00e9lie <br>GUILLERM<\/a><\/h3><p class=\"elementor-image-box-description\">DS<\/p><\/div><\/div>\t\t\t\t<\/div>\n\t\t\t\t<\/div>\n\t\t\t\t\t<\/div>\n\t\t<\/div>\n\t\t\t\t<div class=\"elementor-column elementor-col-33 elementor-top-column elementor-element elementor-element-35ef8e32\" data-id=\"35ef8e32\" data-element_type=\"column\" data-e-type=\"column\">\n\t\t\t<div class=\"elementor-widget-wrap elementor-element-populated\">\n\t\t\t\t\t\t<div class=\"elementor-element elementor-element-ffda8f7 elementor-vertical-align-middle elementor-widget elementor-widget-image-box\" data-id=\"ffda8f7\" data-element_type=\"widget\" data-e-type=\"widget\" data-widget_type=\"image-box.default\">\n\t\t\t\t<div class=\"elementor-widget-container\">\n\t\t\t\t\t<div class=\"elementor-image-box-wrapper\"><div class=\"elementor-image-box-content\"><h3 class=\"elementor-image-box-title\"><a href=\"http:\/\/simon.raymond@spie.com\">Simon <br>RAYMOND<\/a><\/h3><p class=\"elementor-image-box-description\">DS<\/p><\/div><\/div>\t\t\t\t<\/div>\n\t\t\t\t<\/div>\n\t\t\t\t\t<\/div>\n\t\t<\/div>\n\t\t\t\t\t<\/div>\n\t\t<\/section>\n\t\t\t\t<\/div>\n\t\t","protected":false},"excerpt":{"rendered":"<p>Contactez-nous ! Pour toute question et\/ou conseil n\u2019h\u00e9sitez pas \u00e0 nous solliciter: syndicat_cftc.sis@spie.com cftc.spie.ics@gmail.com Syndicat CFTCSPIE ICS CFTC SPIE ICS 150 rue Pierre Brossolette 92240 MALAKOFF contact tel : 06 29 51 61 82 Horaire d\u2019ouverture : lundi au vendredi : 09h00 -17h00 vos d\u00e9l\u00e9gu\u00e9s CFTC SPIE ICS Pierre DECOSSE DS coordinateur Aur\u00e9lie GUILLERM DS [&hellip;]<\/p>\n","protected":false},"author":1,"featured_media":0,"parent":0,"menu_order":0,"comment_status":"closed","ping_status":"closed","template":"","meta":{"footnotes":""},"class_list":["post-5456","page","type-page","status-publish","hentry"],"_links":{"self":[{"href":"https:\/\/cftc-sicsti.fr\/spie\/wp-json\/wp\/v2\/pages\/5456","targetHints":{"allow":["GET"]}}],"collection":[{"href":"https:\/\/cftc-sicsti.fr\/spie\/wp-json\/wp\/v2\/pages"}],"about":[{"href":"https:\/\/cftc-sicsti.fr\/spie\/wp-json\/wp\/v2\/types\/page"}],"author":[{"embeddable":true,"href":"https:\/\/cftc-sicsti.fr\/spie\/wp-json\/wp\/v2\/users\/1"}],"replies":[{"embeddable":true,"href":"https:\/\/cftc-sicsti.fr\/spie\/wp-json\/wp\/v2\/comments?post=5456"}],"version-history":[{"count":13,"href":"https:\/\/cftc-sicsti.fr\/spie\/wp-json\/wp\/v2\/pages\/5456\/revisions"}],"predecessor-version":[{"id":5651,"href":"https:\/\/cftc-sicsti.fr\/spie\/wp-json\/wp\/v2\/pages\/5456\/revisions\/5651"}],"wp:attachment":[{"href":"https:\/\/cftc-sicsti.fr\/spie\/wp-json\/wp\/v2\/media?parent=5456"}],"curies":[{"name":"wp","href":"https:\/\/api.w.org\/{rel}","templated":true}]}}