{"id":5452,"date":"2022-11-01T10:55:04","date_gmt":"2022-11-01T09:55:04","guid":{"rendered":"https:\/\/cftc-sicsti.fr\/spie\/?page_id=5452"},"modified":"2022-11-01T12:13:45","modified_gmt":"2022-11-01T11:13:45","slug":"politique-de-confidentialite","status":"publish","type":"page","link":"https:\/\/cftc-sicsti.fr\/spie\/politique-de-confidentialite\/","title":{"rendered":"Politique de confidentialit\u00e9"},"content":{"rendered":"\n\n<p>La pr\u00e9sente politique de confidentialit\u00e9 d\u00e9finit et vous informe de la mani\u00e8re dont le SICSTI utilise et prot\u00e8ge les informations que vous nous transmettez, le cas \u00e9ch\u00e9ant, lorsque vous utilisez le pr\u00e9sent site accessible \u00e0 partir de l\u2019URL suivante : <a href=\"www.cftc-sicsti.fr\/spie\">www.cftc-sicsti.fr\/spie<\/a>.<\/p>\n\n<h1 class=\"wp-block-heading\">I.\u00a0 DONN\u00c9ES PERSONNELLES<\/h1>\n\n<p>D\u2019une mani\u00e8re g\u00e9n\u00e9rale, il vous est possible de visiter le Site du SICSTI sans communiquer aucune information personnelle vous concernant. En toute hypoth\u00e8se, vous n\u2019\u00eates en aucune mani\u00e8re oblig\u00e9 de transmettre ces informations au SICSTI par le biais de votre inscription.<\/p>\n\n<p>Conform\u00e9ment au R\u00e8glement G\u00e9n\u00e9ral sur la Protection des Donn\u00e9es (General Data Protection R\u00e9gulation) adopt\u00e9 par le Parlement europ\u00e9en le 27 avril 2016, et \u00e0 la Loi Informatique et Libert\u00e9s du 6 janvier 1978 modifi\u00e9e, le SICSTI vous informe des points suivants :<\/p>\n\n<h2>1.\u00a0\u00a0\u00a0\u00a0 IDENTIT\u00c9 DU RESPONSABLE DU TRAITEMENT<\/h2>\n\n<p>Le responsable du traitement est le SICSTI qui a son si\u00e8ge social au 61 jardins BOIELDIEU \u00e0 PUTEAUX.<\/p>\n\n<h2>2.\u00a0\u00a0\u00a0\u00a0 FINALIT\u00c9S DU TRAITEMENT<\/h2>\n\n<p>Le SICSTI est susceptible de traiter vos Informations Personnelles, ici votre mail, au titre de la gestion des adh\u00e9rents et sympathisants.<\/p>\n\n<h2>3. DESTINATAIRES<\/h2>\n\n<p>Seul le SICSTI est destinataire de vos Informations Personnelles\u00a0: votre mail qui ne sera jamais transmis \u00e0 un tiers.<\/p>\n\n<h2>4. DUR\u00c9E DE CONSERVATION<\/h2>\n\n<p>Votre mail n\u2019est conserv\u00e9 par le SICSTI uniquement pendant le temps de l\u2019existence de votre compte sur ce site.<\/p>\n\n<h2>5. DROITS INFORMATIQUE ET LIBERT\u00c9S<\/h2>\n\n<p>Vous disposez de la possibilit\u00e9 de modifier votre adresse email (mais pas votre identifiant) ainsi que de supprimer votre compte.<\/p>\n\n<h2>6. D\u00c9LAIS DE R\u00c9PONSE<\/h2>\n\n<p>le SICSTI s\u2019engage \u00e0 r\u00e9pondre \u00e0 votre demande d\u2019acc\u00e8s, de rectification ou d\u2019opposition ou toute autre demande compl\u00e9mentaire d\u2019informations dans un d\u00e9lai raisonnable qui ne saurait d\u00e9passer 1 mois \u00e0 compter de la r\u00e9ception de votre demande.<\/p>\n\n<h2>7. PLAINTE AUPR\u00c8S DE L\u2019AUTORIT\u00c9 COMP\u00c9TENTE<\/h2>\n\n<p>Si vous consid\u00e9rez que le SICSTI ne respecte pas ses obligations au regard de vos Informations Personnelles, vous pouvez adresser une plainte ou une demande aupr\u00e8s de l\u2019autorit\u00e9 comp\u00e9tente. En France, l\u2019autorit\u00e9 comp\u00e9tente est la CNIL \u00e0 laquelle vous pouvez adresser une demande par voie \u00e9lectronique par l\u2019interm\u00e9diaire de ce <a href=\"https:\/\/www.cnil.fr\/fr\/plaintes\/internet.\">lien<\/a>.<\/p>\n\n<h1>II. POLITIQUE RELATIVE AUX COOKIES<\/h1>\n\n<p>Le pr\u00e9sent site n\u2019utilise \u00e0 ce jour que des cookies exempt\u00e9s de consentement comme d\u00e9crit dans <a href=\"https:\/\/www.cnil.fr\/fr\/la-loi-informatique-et-libertes#article82\">l\u2019article 82 de la loi Informatique et Libert\u00e9s<\/a>.<\/p>\n\n<p>Conform\u00e9ment aux recommandations de la Commission Nationale de l\u2019Informatique et des Libert\u00e9s (CNIL), certains cookies sont dispens\u00e9s du recueil pr\u00e9alable de votre consentement dans la mesure o\u00f9 ils sont strictement n\u00e9cessaires au fonctionnement du site internet ou ont pour finalit\u00e9 exclusive de permettre ou faciliter la communication par voie \u00e9lectronique. Il s\u2019agit notamment des cookies d\u2019identifiant de session, d\u2019authentification, de session d\u2019\u00e9quilibrage de charge ainsi que des cookies de personnalisation de votre interface.<\/p>\n\n<p>Ces cookies sont int\u00e9gralement soumis \u00e0 la pr\u00e9sente politique dans la mesure o\u00f9 ils sont \u00e9mis et g\u00e9r\u00e9s par le SICSTI.<\/p>\n\n\n\n\n\n","protected":false},"excerpt":{"rendered":"<p>La pr\u00e9sente politique de confidentialit\u00e9 d\u00e9finit et vous informe de la mani\u00e8re dont le SICSTI utilise et prot\u00e8ge les informations que vous nous transmettez, le cas \u00e9ch\u00e9ant, lorsque vous utilisez le pr\u00e9sent site accessible \u00e0 partir de l\u2019URL suivante : www.cftc-sicsti.fr\/spie. I.\u00a0 DONN\u00c9ES PERSONNELLES D\u2019une mani\u00e8re g\u00e9n\u00e9rale, il vous est possible de visiter le Site [&hellip;]<\/p>\n","protected":false},"author":1,"featured_media":0,"parent":0,"menu_order":0,"comment_status":"closed","ping_status":"closed","template":"","meta":{"footnotes":""},"class_list":["post-5452","page","type-page","status-publish","hentry"],"_links":{"self":[{"href":"https:\/\/cftc-sicsti.fr\/spie\/wp-json\/wp\/v2\/pages\/5452","targetHints":{"allow":["GET"]}}],"collection":[{"href":"https:\/\/cftc-sicsti.fr\/spie\/wp-json\/wp\/v2\/pages"}],"about":[{"href":"https:\/\/cftc-sicsti.fr\/spie\/wp-json\/wp\/v2\/types\/page"}],"author":[{"embeddable":true,"href":"https:\/\/cftc-sicsti.fr\/spie\/wp-json\/wp\/v2\/users\/1"}],"replies":[{"embeddable":true,"href":"https:\/\/cftc-sicsti.fr\/spie\/wp-json\/wp\/v2\/comments?post=5452"}],"version-history":[{"count":0,"href":"https:\/\/cftc-sicsti.fr\/spie\/wp-json\/wp\/v2\/pages\/5452\/revisions"}],"wp:attachment":[{"href":"https:\/\/cftc-sicsti.fr\/spie\/wp-json\/wp\/v2\/media?parent=5452"}],"curies":[{"name":"wp","href":"https:\/\/api.w.org\/{rel}","templated":true}]}}