{"id":3062,"date":"2022-09-29T00:05:35","date_gmt":"2022-09-28T22:05:35","guid":{"rendered":"https:\/\/cftc-sicsti.fr\/salesforce\/?page_id=3062"},"modified":"2022-12-30T17:16:45","modified_gmt":"2022-12-30T16:16:45","slug":"infos","status":"publish","type":"page","link":"https:\/\/cftc-sicsti.fr\/salesforce\/infos\/","title":{"rendered":"Infos"},"content":{"rendered":"\t\t<div data-elementor-type=\"wp-page\" data-elementor-id=\"3062\" class=\"elementor elementor-3062\" data-elementor-post-type=\"page\">\n\t\t\t\t\t\t<section class=\"elementor-section elementor-top-section elementor-element elementor-element-ada5053 elementor-section-height-min-height elementor-section-boxed elementor-section-height-default elementor-section-items-middle\" data-id=\"ada5053\" data-element_type=\"section\" data-e-type=\"section\" data-settings=\"{&quot;background_background&quot;:&quot;gradient&quot;,&quot;shape_divider_bottom&quot;:&quot;waves&quot;}\">\n\t\t\t\t\t\t\t<div class=\"elementor-background-overlay\"><\/div>\n\t\t\t\t\t\t<div class=\"elementor-shape elementor-shape-bottom\" aria-hidden=\"true\" data-negative=\"false\">\n\t\t\t<svg xmlns=\"http:\/\/www.w3.org\/2000\/svg\" viewBox=\"0 0 1000 100\" preserveAspectRatio=\"none\">\n\t<path class=\"elementor-shape-fill\" d=\"M421.9,6.5c22.6-2.5,51.5,0.4,75.5,5.3c23.6,4.9,70.9,23.5,100.5,35.7c75.8,32.2,133.7,44.5,192.6,49.7\n\tc23.6,2.1,48.7,3.5,103.4-2.5c54.7-6,106.2-25.6,106.2-25.6V0H0v30.3c0,0,72,32.6,158.4,30.5c39.2-0.7,92.8-6.7,134-22.4\n\tc21.2-8.1,52.2-18.2,79.7-24.2C399.3,7.9,411.6,7.5,421.9,6.5z\"\/>\n<\/svg>\t\t<\/div>\n\t\t\t\t\t<div class=\"elementor-container elementor-column-gap-default\">\n\t\t\t\t\t<div class=\"elementor-column elementor-col-100 elementor-top-column elementor-element elementor-element-5031cea\" data-id=\"5031cea\" data-element_type=\"column\" data-e-type=\"column\">\n\t\t\t<div class=\"elementor-widget-wrap elementor-element-populated\">\n\t\t\t\t\t\t<div class=\"elementor-element elementor-element-1df42bc elementor-widget elementor-widget-heading\" data-id=\"1df42bc\" data-element_type=\"widget\" data-e-type=\"widget\" data-widget_type=\"heading.default\">\n\t\t\t\t<div class=\"elementor-widget-container\">\n\t\t\t\t\t<h1 class=\"elementor-heading-title elementor-size-default\">Syndi-Care<\/h1>\t\t\t\t<\/div>\n\t\t\t\t<\/div>\n\t\t\t\t<div class=\"elementor-element elementor-element-7de0f66 elementor-widget elementor-widget-heading\" data-id=\"7de0f66\" data-element_type=\"widget\" data-e-type=\"widget\" data-widget_type=\"heading.default\">\n\t\t\t\t<div class=\"elementor-widget-container\">\n\t\t\t\t\t<h3 class=\"elementor-heading-title elementor-size-default\">Agap\u00e9 et soin de soi<\/h3>\t\t\t\t<\/div>\n\t\t\t\t<\/div>\n\t\t\t\t\t<\/div>\n\t\t<\/div>\n\t\t\t\t\t<\/div>\n\t\t<\/section>\n\t\t\t\t<section class=\"elementor-section elementor-top-section elementor-element elementor-element-3f29655 elementor-section-boxed elementor-section-height-default elementor-section-height-default\" data-id=\"3f29655\" data-element_type=\"section\" data-e-type=\"section\">\n\t\t\t\t\t\t<div class=\"elementor-container elementor-column-gap-default\">\n\t\t\t\t\t<div class=\"elementor-column elementor-col-100 elementor-top-column elementor-element elementor-element-9af3505\" data-id=\"9af3505\" data-element_type=\"column\" data-e-type=\"column\">\n\t\t\t<div class=\"elementor-widget-wrap elementor-element-populated\">\n\t\t\t\t\t\t<section class=\"elementor-section elementor-inner-section elementor-element elementor-element-b12f0b2 elementor-section-boxed elementor-section-height-default elementor-section-height-default\" data-id=\"b12f0b2\" data-element_type=\"section\" data-e-type=\"section\">\n\t\t\t\t\t\t<div class=\"elementor-container elementor-column-gap-default\">\n\t\t\t\t\t<div class=\"elementor-column elementor-col-100 elementor-inner-column elementor-element elementor-element-614dd4b\" data-id=\"614dd4b\" data-element_type=\"column\" data-e-type=\"column\">\n\t\t\t<div class=\"elementor-widget-wrap elementor-element-populated\">\n\t\t\t\t\t\t<div class=\"elementor-element elementor-element-0a7d21f elementor-widget elementor-widget-heading\" data-id=\"0a7d21f\" data-element_type=\"widget\" data-e-type=\"widget\" data-widget_type=\"heading.default\">\n\t\t\t\t<div class=\"elementor-widget-container\">\n\t\t\t\t\t<h1 class=\"elementor-heading-title elementor-size-default\">AGAP\u00e9 :<br>Une fa\u00e7on de penser<\/h1>\t\t\t\t<\/div>\n\t\t\t\t<\/div>\n\t\t\t\t\t<\/div>\n\t\t<\/div>\n\t\t\t\t\t<\/div>\n\t\t<\/section>\n\t\t\t\t<section class=\"elementor-section elementor-inner-section elementor-element elementor-element-f7caf9e elementor-section-boxed elementor-section-height-default elementor-section-height-default\" data-id=\"f7caf9e\" data-element_type=\"section\" data-e-type=\"section\">\n\t\t\t\t\t\t<div class=\"elementor-container elementor-column-gap-default\">\n\t\t\t\t\t<div class=\"elementor-column elementor-col-50 elementor-inner-column elementor-element elementor-element-99b8cab\" data-id=\"99b8cab\" data-element_type=\"column\" data-e-type=\"column\">\n\t\t\t<div class=\"elementor-widget-wrap elementor-element-populated\">\n\t\t\t\t\t\t<div class=\"elementor-element elementor-element-3afd9ef elementor-widget elementor-widget-text-editor\" data-id=\"3afd9ef\" data-element_type=\"widget\" data-e-type=\"widget\" data-widget_type=\"text-editor.default\">\n\t\t\t\t<div class=\"elementor-widget-container\">\n\t\t\t\t\t\t\t\t\t<p align=\"left\">\u00ab La solution se trouve souvent dans les 10 m\u00e8tres autour du salari\u00e9 \u00bb Marie Pez\u00e9.\n<h3>Parce que l\u2019Humain est au centre de toutes nos actions, le SICSTI CFTC \u00e0 lanc\u00e9 au printemps 2018 son r\u00e9seau national AGAP\u00c9.<\/h3>\n<p align=\"left\">Constitu\u00e9 d\u2019adh\u00e9rents volontaires form\u00e9s \u00e0 l\u2019\u00e9coute et \u00e0 la d\u00e9tection, AGAP\u00c9 est un r\u00e9seau de d\u00e9tection, d\u2019entraide et d\u2019\u00e9coute d\u00e9ploy\u00e9 comme r\u00e9ponse au mal \u00eatre et \u00e0 la souffrance des salari\u00e9s dans l\u2019entreprise. Que ce mal \u00eatre soit li\u00e9e au travail ou non. Face \u00e0 la multiplication des cas de souffrances, \u00e0 ses impacts directs sur la sant\u00e9, il nous fallait imp\u00e9rativement combler un vide. AGAP\u00c9 c\u2019est un grand pas en avant dans l\u2019action de notre syndicat sur le terrain, la poursuite de notre histoire, l\u2019application de nos valeurs CFTC.\t\t\t\t\t\t\t\t<\/div>\n\t\t\t\t<\/div>\n\t\t\t\t\t<\/div>\n\t\t<\/div>\n\t\t\t\t<div class=\"elementor-column elementor-col-50 elementor-inner-column elementor-element elementor-element-5e022d6\" data-id=\"5e022d6\" data-element_type=\"column\" data-e-type=\"column\">\n\t\t\t<div class=\"elementor-widget-wrap elementor-element-populated\">\n\t\t\t\t\t\t<div class=\"elementor-element elementor-element-dea5549 elementor-widget elementor-widget-image\" data-id=\"dea5549\" data-element_type=\"widget\" data-e-type=\"widget\" data-widget_type=\"image.default\">\n\t\t\t\t<div class=\"elementor-widget-container\">\n\t\t\t\t\t\t\t\t\t\t\t\t\t\t\t<img fetchpriority=\"high\" decoding=\"async\" width=\"286\" height=\"210\" src=\"https:\/\/cftc-sicsti.fr\/salesforce\/wp-content\/uploads\/sites\/162\/2022\/10\/agape.png\" class=\"attachment-large size-large wp-image-3261\" alt=\"\" \/>\t\t\t\t\t\t\t\t\t\t\t\t\t\t\t<\/div>\n\t\t\t\t<\/div>\n\t\t\t\t<div class=\"elementor-element elementor-element-96f882a elementor-widget elementor-widget-text-editor\" data-id=\"96f882a\" data-element_type=\"widget\" data-e-type=\"widget\" data-widget_type=\"text-editor.default\">\n\t\t\t\t<div class=\"elementor-widget-container\">\n\t\t\t\t\t\t\t\t\t<p>Le r\u00e9seau AGAP\u00c9 est ouvert \u00e0 l\u2019ensemble des salari\u00e9s dans les entreprises, et non pas seulement aux adh\u00e9rents du syndicat.<\/p><p>\u00c9coute, Altruisme, Empathie, Discr\u00e9tion, Confidentialit\u00e9 et Bienveillance sont les adjectifs qui qualifient au mieux notre d\u00e9marche.<\/p>\t\t\t\t\t\t\t\t<\/div>\n\t\t\t\t<\/div>\n\t\t\t\t\t<\/div>\n\t\t<\/div>\n\t\t\t\t\t<\/div>\n\t\t<\/section>\n\t\t\t\t\t<\/div>\n\t\t<\/div>\n\t\t\t\t\t<\/div>\n\t\t<\/section>\n\t\t\t\t<\/div>\n\t\t","protected":false},"excerpt":{"rendered":"<p>Syndi-Care Agap\u00e9 et soin de soi AGAP\u00e9 :Une fa\u00e7on de penser \u00ab La solution se trouve souvent dans les 10 m\u00e8tres autour du salari\u00e9 \u00bb Marie Pez\u00e9. Parce que l\u2019Humain est au centre de toutes nos actions, le SICSTI CFTC \u00e0 lanc\u00e9 au printemps 2018 son r\u00e9seau national AGAP\u00c9. Constitu\u00e9 d\u2019adh\u00e9rents volontaires form\u00e9s \u00e0 l\u2019\u00e9coute [&hellip;]<\/p>\n","protected":false},"author":1,"featured_media":0,"parent":0,"menu_order":0,"comment_status":"closed","ping_status":"closed","template":"","meta":{"footnotes":""},"class_list":["post-3062","page","type-page","status-publish","hentry"],"_links":{"self":[{"href":"https:\/\/cftc-sicsti.fr\/salesforce\/wp-json\/wp\/v2\/pages\/3062","targetHints":{"allow":["GET"]}}],"collection":[{"href":"https:\/\/cftc-sicsti.fr\/salesforce\/wp-json\/wp\/v2\/pages"}],"about":[{"href":"https:\/\/cftc-sicsti.fr\/salesforce\/wp-json\/wp\/v2\/types\/page"}],"author":[{"embeddable":true,"href":"https:\/\/cftc-sicsti.fr\/salesforce\/wp-json\/wp\/v2\/users\/1"}],"replies":[{"embeddable":true,"href":"https:\/\/cftc-sicsti.fr\/salesforce\/wp-json\/wp\/v2\/comments?post=3062"}],"version-history":[{"count":0,"href":"https:\/\/cftc-sicsti.fr\/salesforce\/wp-json\/wp\/v2\/pages\/3062\/revisions"}],"wp:attachment":[{"href":"https:\/\/cftc-sicsti.fr\/salesforce\/wp-json\/wp\/v2\/media?parent=3062"}],"curies":[{"name":"wp","href":"https:\/\/api.w.org\/{rel}","templated":true}]}}