{"id":1469,"date":"2022-03-23T12:08:28","date_gmt":"2022-03-23T11:08:28","guid":{"rendered":"https:\/\/cftc-sicsti.fr\/open\/?page_id=1469"},"modified":"2023-06-22T14:21:39","modified_gmt":"2023-06-22T12:21:39","slug":"_elections","status":"publish","type":"page","link":"https:\/\/cftc-sicsti.fr\/open\/_elections\/","title":{"rendered":"_Elections"},"content":{"rendered":"\t\t<div data-elementor-type=\"wp-page\" data-elementor-id=\"1469\" class=\"elementor elementor-1469\" data-elementor-post-type=\"page\">\n\t\t\t\t\t\t<section class=\"elementor-section elementor-top-section elementor-element elementor-element-65e91ef elementor-section-height-min-height elementor-section-boxed elementor-section-height-default elementor-section-items-middle\" data-id=\"65e91ef\" data-element_type=\"section\" data-e-type=\"section\" data-settings=\"{&quot;background_background&quot;:&quot;gradient&quot;,&quot;shape_divider_bottom&quot;:&quot;waves&quot;}\">\n\t\t\t\t\t\t\t<div class=\"elementor-background-overlay\"><\/div>\n\t\t\t\t\t\t<div class=\"elementor-shape elementor-shape-bottom\" aria-hidden=\"true\" data-negative=\"false\">\n\t\t\t<svg xmlns=\"http:\/\/www.w3.org\/2000\/svg\" viewBox=\"0 0 1000 100\" preserveAspectRatio=\"none\">\n\t<path class=\"elementor-shape-fill\" d=\"M421.9,6.5c22.6-2.5,51.5,0.4,75.5,5.3c23.6,4.9,70.9,23.5,100.5,35.7c75.8,32.2,133.7,44.5,192.6,49.7\n\tc23.6,2.1,48.7,3.5,103.4-2.5c54.7-6,106.2-25.6,106.2-25.6V0H0v30.3c0,0,72,32.6,158.4,30.5c39.2-0.7,92.8-6.7,134-22.4\n\tc21.2-8.1,52.2-18.2,79.7-24.2C399.3,7.9,411.6,7.5,421.9,6.5z\"\/>\n<\/svg>\t\t<\/div>\n\t\t\t\t\t<div class=\"elementor-container elementor-column-gap-default\">\n\t\t\t\t\t<div class=\"elementor-column elementor-col-100 elementor-top-column elementor-element elementor-element-526318c1\" data-id=\"526318c1\" data-element_type=\"column\" data-e-type=\"column\">\n\t\t\t<div class=\"elementor-widget-wrap elementor-element-populated\">\n\t\t\t\t\t\t<div class=\"elementor-element elementor-element-900e574 elementor-widget elementor-widget-heading\" data-id=\"900e574\" data-element_type=\"widget\" data-e-type=\"widget\" data-widget_type=\"heading.default\">\n\t\t\t\t<div class=\"elementor-widget-container\">\n\t\t\t\t\t<h1 class=\"elementor-heading-title elementor-size-default\">Elections professionnelles<\/h1>\t\t\t\t<\/div>\n\t\t\t\t<\/div>\n\t\t\t\t<div class=\"elementor-element elementor-element-4e47eb3a elementor-widget elementor-widget-heading\" data-id=\"4e47eb3a\" data-element_type=\"widget\" data-e-type=\"widget\" data-widget_type=\"heading.default\">\n\t\t\t\t<div class=\"elementor-widget-container\">\n\t\t\t\t\t<h3 class=\"elementor-heading-title elementor-size-default\">La CFTC s'engage !<\/h3>\t\t\t\t<\/div>\n\t\t\t\t<\/div>\n\t\t\t\t\t<\/div>\n\t\t<\/div>\n\t\t\t\t\t<\/div>\n\t\t<\/section>\n\t\t\t\t<section class=\"elementor-section elementor-top-section elementor-element elementor-element-38966040 elementor-section-boxed elementor-section-height-default elementor-section-height-default\" data-id=\"38966040\" data-element_type=\"section\" data-e-type=\"section\">\n\t\t\t\t\t\t<div class=\"elementor-container elementor-column-gap-default\">\n\t\t\t\t\t<div class=\"elementor-column elementor-col-50 elementor-top-column elementor-element elementor-element-1bded879\" data-id=\"1bded879\" data-element_type=\"column\" data-e-type=\"column\">\n\t\t\t<div class=\"elementor-widget-wrap elementor-element-populated\">\n\t\t\t\t\t\t<div class=\"elementor-element elementor-element-5e2529d elementor-widget elementor-widget-heading\" data-id=\"5e2529d\" data-element_type=\"widget\" data-e-type=\"widget\" data-widget_type=\"heading.default\">\n\t\t\t\t<div class=\"elementor-widget-container\">\n\t\t\t\t\t<h4 class=\"elementor-heading-title elementor-size-default\">Remplacement des CE par des CSE avec les ordonnances Macron de 2018<\/h4>\t\t\t\t<\/div>\n\t\t\t\t<\/div>\n\t\t\t\t<div class=\"elementor-element elementor-element-3259672f elementor-widget elementor-widget-heading\" data-id=\"3259672f\" data-element_type=\"widget\" data-e-type=\"widget\" data-widget_type=\"heading.default\">\n\t\t\t\t<div class=\"elementor-widget-container\">\n\t\t\t\t\t<h2 class=\"elementor-heading-title elementor-size-default\">Le saviez-vous ?<\/h2>\t\t\t\t<\/div>\n\t\t\t\t<\/div>\n\t\t\t\t\t<\/div>\n\t\t<\/div>\n\t\t\t\t<div class=\"elementor-column elementor-col-50 elementor-top-column elementor-element elementor-element-40bcbea7\" data-id=\"40bcbea7\" data-element_type=\"column\" data-e-type=\"column\">\n\t\t\t<div class=\"elementor-widget-wrap elementor-element-populated\">\n\t\t\t\t\t\t<div class=\"elementor-element elementor-element-7a06d665 elementor-widget elementor-widget-text-editor\" data-id=\"7a06d665\" data-element_type=\"widget\" data-e-type=\"widget\" data-widget_type=\"text-editor.default\">\n\t\t\t\t<div class=\"elementor-widget-container\">\n\t\t\t\t\t\t\t\t\t<p>Depuis d\u00e9but 2018, le Comit\u00e9 Social et Economique (CSE) fusionne et remplace le comit\u00e9 d\u2019entreprise (CE), les d\u00e9l\u00e9gu\u00e9s du personnel (DP) et le comit\u00e9 d\u2019hygi\u00e8ne, de s\u00e9curit\u00e9 et des conditions de travail (CHSCT).&nbsp;<\/p>\n<p>Toutes les instances de CE ont \u00e9t\u00e9 remplac\u00e9s par des CSE fin 2019.<\/p>\n<p>Des \u00e9lus si\u00e8gent au CSE; leurs nombres peut vari\u00e9s selon l\u2019effectif de l\u2019entreprise. Ainsi, pour une entreprise de 75 \u00e0 99 salari\u00e9s, il y aura 5 titulaires et 5 suppl\u00e9ants, chacun \u00e9lus pour une dur\u00e9e de 2 \u00e0 4 ans, selon les accords avec l\u2019entreprise.<\/p>\n<p>Le CSE est pr\u00e9sid\u00e9 par l\u2019employeur qui peut \u00eatre assist\u00e9 ou remplac\u00e9 par des repr\u00e9sentants (par exemple le DRH).<\/p>\t\t\t\t\t\t\t\t<\/div>\n\t\t\t\t<\/div>\n\t\t\t\t\t<\/div>\n\t\t<\/div>\n\t\t\t\t\t<\/div>\n\t\t<\/section>\n\t\t\t\t<section class=\"elementor-section elementor-top-section elementor-element elementor-element-bbf2f96 elementor-section-height-min-height elementor-section-items-top elementor-section-boxed elementor-section-height-default\" data-id=\"bbf2f96\" data-element_type=\"section\" data-e-type=\"section\" data-settings=\"{&quot;background_background&quot;:&quot;classic&quot;}\">\n\t\t\t\t\t\t\t<div class=\"elementor-background-overlay\"><\/div>\n\t\t\t\t\t\t\t<div class=\"elementor-container elementor-column-gap-default\">\n\t\t\t\t\t<div class=\"elementor-column elementor-col-100 elementor-top-column elementor-element elementor-element-c2b8031\" data-id=\"c2b8031\" data-element_type=\"column\" data-e-type=\"column\">\n\t\t\t<div class=\"elementor-widget-wrap elementor-element-populated\">\n\t\t\t\t\t\t<div class=\"elementor-element elementor-element-a8c193a elementor-widget elementor-widget-heading\" data-id=\"a8c193a\" data-element_type=\"widget\" data-e-type=\"widget\" data-widget_type=\"heading.default\">\n\t\t\t\t<div class=\"elementor-widget-container\">\n\t\t\t\t\t<h4 class=\"elementor-heading-title elementor-size-default\">Les \u00e9lections approchent...<\/h4>\t\t\t\t<\/div>\n\t\t\t\t<\/div>\n\t\t\t\t<div class=\"elementor-element elementor-element-6538e21 elementor-widget elementor-widget-heading\" data-id=\"6538e21\" data-element_type=\"widget\" data-e-type=\"widget\" data-widget_type=\"heading.default\">\n\t\t\t\t<div class=\"elementor-widget-container\">\n\t\t\t\t\t<h2 class=\"elementor-heading-title elementor-size-default\"><br>Pourquoi partir avec la CFTC ?<br><\/h2>\t\t\t\t<\/div>\n\t\t\t\t<\/div>\n\t\t\t\t\t<\/div>\n\t\t<\/div>\n\t\t\t\t\t<\/div>\n\t\t<\/section>\n\t\t\t\t<section class=\"elementor-section elementor-top-section elementor-element elementor-element-a0128c8 elementor-section-boxed elementor-section-height-default elementor-section-height-default\" data-id=\"a0128c8\" data-element_type=\"section\" data-e-type=\"section\">\n\t\t\t\t\t\t<div class=\"elementor-container elementor-column-gap-default\">\n\t\t\t\t\t<div class=\"elementor-column elementor-col-50 elementor-top-column elementor-element elementor-element-a7f3838\" data-id=\"a7f3838\" data-element_type=\"column\" data-e-type=\"column\" data-settings=\"{&quot;background_background&quot;:&quot;classic&quot;}\">\n\t\t\t<div class=\"elementor-widget-wrap elementor-element-populated\">\n\t\t\t\t\t<div class=\"elementor-background-overlay\"><\/div>\n\t\t\t\t\t\t<div class=\"elementor-element elementor-element-f7c1640 elementor-widget elementor-widget-image\" data-id=\"f7c1640\" data-element_type=\"widget\" data-e-type=\"widget\" data-widget_type=\"image.default\">\n\t\t\t\t<div class=\"elementor-widget-container\">\n\t\t\t\t\t\t\t\t\t\t\t\t\t\t\t<img fetchpriority=\"high\" decoding=\"async\" width=\"613\" height=\"831\" src=\"https:\/\/cftc-sicsti.fr\/open\/wp-content\/uploads\/sites\/173\/2022\/03\/cse35_.jpg\" class=\"attachment-large size-large wp-image-2099\" alt=\"\" srcset=\"https:\/\/cftc-sicsti.fr\/open\/wp-content\/uploads\/sites\/173\/2022\/03\/cse35_.jpg 613w, https:\/\/cftc-sicsti.fr\/open\/wp-content\/uploads\/sites\/173\/2022\/03\/cse35_-221x300.jpg 221w\" sizes=\"(max-width: 613px) 100vw, 613px\" \/>\t\t\t\t\t\t\t\t\t\t\t\t\t\t\t<\/div>\n\t\t\t\t<\/div>\n\t\t\t\t\t<\/div>\n\t\t<\/div>\n\t\t\t\t<div class=\"elementor-column elementor-col-50 elementor-top-column elementor-element elementor-element-219ca59\" data-id=\"219ca59\" data-element_type=\"column\" data-e-type=\"column\">\n\t\t\t<div class=\"elementor-widget-wrap elementor-element-populated\">\n\t\t\t\t\t\t<div class=\"elementor-element elementor-element-aee2a78 elementor-widget elementor-widget-heading\" data-id=\"aee2a78\" data-element_type=\"widget\" data-e-type=\"widget\" data-widget_type=\"heading.default\">\n\t\t\t\t<div class=\"elementor-widget-container\">\n\t\t\t\t\t<h4 class=\"elementor-heading-title elementor-size-default\">we aren't afraid of trying new things<\/h4>\t\t\t\t<\/div>\n\t\t\t\t<\/div>\n\t\t\t\t<div class=\"elementor-element elementor-element-762d97f elementor-widget elementor-widget-heading\" data-id=\"762d97f\" data-element_type=\"widget\" data-e-type=\"widget\" data-widget_type=\"heading.default\">\n\t\t\t\t<div class=\"elementor-widget-container\">\n\t\t\t\t\t<h2 class=\"elementor-heading-title elementor-size-default\">Faites partie d'une organisation exp\u00e9riment\u00e9e<\/h2>\t\t\t\t<\/div>\n\t\t\t\t<\/div>\n\t\t\t\t<div class=\"elementor-element elementor-element-74e71d5 elementor-widget elementor-widget-text-editor\" data-id=\"74e71d5\" data-element_type=\"widget\" data-e-type=\"widget\" data-widget_type=\"text-editor.default\">\n\t\t\t\t<div class=\"elementor-widget-container\">\n\t\t\t\t\t\t\t\t\t<p>\u00a0<\/p><p><strong>Le r\u00f4le des candidats \u00e9lus<\/strong><\/p><p>Et apr\u00e8s les \u00e9lections ? Que feront concr\u00e8tement les \u00e9lus du CSE pour les salari\u00e9s ? Au sein du CSE, leurs attributions s\u2019\u00e9tendront \u00e0 de nombreux domaines :\u00a0<a href=\"https:\/\/www.cftc.fr\/actualites\/evaluation-conditions-de-travail-role-cse\">l\u2019am\u00e9lioration des conditions de travail<\/a>, la promotion de la sant\u00e9 et de la s\u00e9curit\u00e9, mais aussi l\u2019acc\u00e8s aux activit\u00e9s sociales et culturelles pour tous les salari\u00e9s de l\u2019entreprise.<\/p><p>La d\u00e9l\u00e9gation du personnel au CSE reprend globalement les fonctions des d\u00e9l\u00e9gu\u00e9s du personnel (dans les entreprises de 11 \u00e0 49 salari\u00e9s), et celles du CE et du CHSCT dans les entreprises d\u2019au moins 50 salari\u00e9s. Ses \u00e9lus vous aident \u00e0 faire valoir vos droits et d\u00e9fendent vos int\u00e9r\u00eats aupr\u00e8s de l\u2019employeur.<\/p><p><strong>\u00c9lections professionnelles : quels enjeux pour les organisations syndicales ?<\/strong><\/p><p>Seules les\u00a0<a href=\"https:\/\/www.cftc.fr\/actualites\/role-dun-syndicat-sorganise-t\">organisations syndicales<\/a>\u00a0peuvent pr\u00e9senter une liste de candidats au 1er tour. Ces \u00e9lections professionnelles constituent un moment crucial pour les OS. Elles conditionnent :<\/p><ul><li>la possibilit\u00e9 d\u2019avoir des \u00e9lus qui d\u00e9fendront l\u2019int\u00e9r\u00eat des salari\u00e9s au sein du CSE ;<\/li><li>leur repr\u00e9sentativit\u00e9, \u00e0 tous les niveaux (entreprise, branche, niveau national)<\/li><li>la possibilit\u00e9 de d\u00e9signer un d\u00e9l\u00e9gu\u00e9 syndical dans l\u2019entreprise (si le score minimal de 10 % est atteint au 1er tour) ;<\/li><li>leur participation \u00e0 la n\u00e9gociation des accords collectifs.<\/li><\/ul><p>Les organisations syndicales assurent \u00e9galement leur r\u00f4le de n\u00e9gociation, via la r\u00e9daction du PAP (protocole d\u2019accord pr\u00e9\u00e9lectoral). Celui-ci est n\u00e9goci\u00e9 avec l\u2019employeur et porte notamment sur l\u2019organisation et le d\u00e9roulement du scrutin.<\/p><p>Pour permettre la mise en place du CSE dans les meilleures conditions, la CFTC encourage les organisations syndicales \u00e0 engager une deuxi\u00e8me n\u00e9gociation, distincte du PAP. Objectif : tirer parti des nouvelles dispositions pr\u00e9vues par la loi.<\/p><p>Les \u00e9lections professionnelles repr\u00e9sentent un moment charni\u00e8re dans la vie d\u2019une entreprise. Avec\u00a0<a href=\"https:\/\/www.cftc.fr\/actualites\/quest-comite-social-economique-cse\">l\u2019arriv\u00e9e du CSE<\/a>, la tenue de ces \u00e9lections rev\u00eat une importance nouvelle, tant pour le salari\u00e9 que pour le candidat. Sa mise en place ouvre la voie \u00e0 d\u2019importantes n\u00e9gociations en amont des \u00e9lections, \u00e0 un champ d\u2019action \u00e9tendu pour les futurs \u00e9lus et \u00e0 une repr\u00e9sentation sur mesure des travailleurs. C\u2019est aussi l\u2019occasion pour les salari\u00e9s \u00e9lecteurs de s\u2019exprimer et de participer activement \u00e0 la r\u00e9ussite du dialogue social dans l\u2019entreprise.<\/p>\t\t\t\t\t\t\t\t<\/div>\n\t\t\t\t<\/div>\n\t\t\t\t\t<\/div>\n\t\t<\/div>\n\t\t\t\t\t<\/div>\n\t\t<\/section>\n\t\t\t\t<section class=\"elementor-section elementor-top-section elementor-element elementor-element-3ed21e1 elementor-section-height-min-height elementor-section-boxed elementor-section-height-default elementor-section-items-middle\" data-id=\"3ed21e1\" data-element_type=\"section\" data-e-type=\"section\" data-settings=\"{&quot;background_background&quot;:&quot;classic&quot;}\">\n\t\t\t\t\t\t<div class=\"elementor-container elementor-column-gap-default\">\n\t\t\t\t\t<div class=\"elementor-column elementor-col-100 elementor-top-column elementor-element elementor-element-01ae05f\" data-id=\"01ae05f\" data-element_type=\"column\" data-e-type=\"column\">\n\t\t\t<div class=\"elementor-widget-wrap elementor-element-populated\">\n\t\t\t\t\t\t<div class=\"elementor-element elementor-element-f373c79 elementor-widget elementor-widget-text-editor\" data-id=\"f373c79\" data-element_type=\"widget\" data-e-type=\"widget\" data-widget_type=\"text-editor.default\">\n\t\t\t\t<div class=\"elementor-widget-container\">\n\t\t\t\t\t\t\t\t\t<p>La CFTC assure !<\/p>\t\t\t\t\t\t\t\t<\/div>\n\t\t\t\t<\/div>\n\t\t\t\t<div class=\"elementor-element elementor-element-e5ee522 elementor-widget elementor-widget-heading\" data-id=\"e5ee522\" data-element_type=\"widget\" data-e-type=\"widget\" data-widget_type=\"heading.default\">\n\t\t\t\t<div class=\"elementor-widget-container\">\n\t\t\t\t\t<h1 class=\"elementor-heading-title elementor-size-default\">Elections 2023 : quelques r\u00e9sultats<\/h1>\t\t\t\t<\/div>\n\t\t\t\t<\/div>\n\t\t\t\t\t<\/div>\n\t\t<\/div>\n\t\t\t\t\t<\/div>\n\t\t<\/section>\n\t\t\t\t<section class=\"elementor-section elementor-top-section elementor-element elementor-element-3ccec34 elementor-section-height-min-height elementor-section-boxed elementor-section-height-default elementor-section-items-middle\" data-id=\"3ccec34\" data-element_type=\"section\" data-e-type=\"section\" data-settings=\"{&quot;background_background&quot;:&quot;gradient&quot;,&quot;shape_divider_top&quot;:&quot;waves&quot;}\">\n\t\t\t\t\t\t\t<div class=\"elementor-background-overlay\"><\/div>\n\t\t\t\t\t\t<div class=\"elementor-shape elementor-shape-top\" aria-hidden=\"true\" data-negative=\"false\">\n\t\t\t<svg xmlns=\"http:\/\/www.w3.org\/2000\/svg\" viewBox=\"0 0 1000 100\" preserveAspectRatio=\"none\">\n\t<path class=\"elementor-shape-fill\" d=\"M421.9,6.5c22.6-2.5,51.5,0.4,75.5,5.3c23.6,4.9,70.9,23.5,100.5,35.7c75.8,32.2,133.7,44.5,192.6,49.7\n\tc23.6,2.1,48.7,3.5,103.4-2.5c54.7-6,106.2-25.6,106.2-25.6V0H0v30.3c0,0,72,32.6,158.4,30.5c39.2-0.7,92.8-6.7,134-22.4\n\tc21.2-8.1,52.2-18.2,79.7-24.2C399.3,7.9,411.6,7.5,421.9,6.5z\"\/>\n<\/svg>\t\t<\/div>\n\t\t\t\t\t<div class=\"elementor-container elementor-column-gap-default\">\n\t\t\t\t\t<div class=\"elementor-column elementor-col-50 elementor-top-column elementor-element elementor-element-ebaf7dc\" data-id=\"ebaf7dc\" data-element_type=\"column\" data-e-type=\"column\">\n\t\t\t<div class=\"elementor-widget-wrap elementor-element-populated\">\n\t\t\t\t\t\t<div class=\"elementor-element elementor-element-4dcee57 elementor-widget elementor-widget-heading\" data-id=\"4dcee57\" data-element_type=\"widget\" data-e-type=\"widget\" data-widget_type=\"heading.default\">\n\t\t\t\t<div class=\"elementor-widget-container\">\n\t\t\t\t\t<h4 class=\"elementor-heading-title elementor-size-default\">Nous vous aiderons \u00e0 chaque \u00e9tape de votre ENGAGEMENT<\/h4>\t\t\t\t<\/div>\n\t\t\t\t<\/div>\n\t\t\t\t<div class=\"elementor-element elementor-element-aeb98b8 elementor-mobile-align-center elementor-widget elementor-widget-button\" data-id=\"aeb98b8\" data-element_type=\"widget\" data-e-type=\"widget\" data-widget_type=\"button.default\">\n\t\t\t\t<div class=\"elementor-widget-container\">\n\t\t\t\t\t\t\t\t\t<div class=\"elementor-button-wrapper\">\n\t\t\t\t\t<a class=\"elementor-button elementor-button-link elementor-size-md\" href=\"http:\/\/cftc-sicsti.fr\/open\/_contacts\">\n\t\t\t\t\t\t<span class=\"elementor-button-content-wrapper\">\n\t\t\t\t\t\t<span class=\"elementor-button-icon\">\n\t\t\t\t<i aria-hidden=\"true\" class=\"fas fa-arrow-right\"><\/i>\t\t\t<\/span>\n\t\t\t\t\t\t\t\t\t<span class=\"elementor-button-text\">Tous nos contacts  ICI !<\/span>\n\t\t\t\t\t<\/span>\n\t\t\t\t\t<\/a>\n\t\t\t\t<\/div>\n\t\t\t\t\t\t\t\t<\/div>\n\t\t\t\t<\/div>\n\t\t\t\t\t<\/div>\n\t\t<\/div>\n\t\t\t\t<div class=\"elementor-column elementor-col-50 elementor-top-column elementor-element elementor-element-d47f5eb\" data-id=\"d47f5eb\" data-element_type=\"column\" data-e-type=\"column\">\n\t\t\t<div class=\"elementor-widget-wrap elementor-element-populated\">\n\t\t\t\t\t\t<div class=\"elementor-element elementor-element-2e86d0a elementor-widget elementor-widget-image\" data-id=\"2e86d0a\" data-element_type=\"widget\" data-e-type=\"widget\" data-settings=\"{&quot;motion_fx_motion_fx_scrolling&quot;:&quot;yes&quot;,&quot;motion_fx_translateY_effect&quot;:&quot;yes&quot;,&quot;motion_fx_translateY_direction&quot;:&quot;negative&quot;,&quot;motion_fx_translateY_speed&quot;:{&quot;unit&quot;:&quot;px&quot;,&quot;size&quot;:&quot;1&quot;,&quot;sizes&quot;:[]},&quot;motion_fx_devices&quot;:[&quot;desktop&quot;,&quot;tablet&quot;],&quot;motion_fx_translateY_affectedRange&quot;:{&quot;unit&quot;:&quot;%&quot;,&quot;size&quot;:&quot;&quot;,&quot;sizes&quot;:{&quot;start&quot;:&quot;0&quot;,&quot;end&quot;:&quot;50&quot;}}}\" data-widget_type=\"image.default\">\n\t\t\t\t<div class=\"elementor-widget-container\">\n\t\t\t\t\t\t\t\t\t\t\t\t\t\t\t<img decoding=\"async\" width=\"940\" height=\"624\" src=\"https:\/\/cftc-sicsti.fr\/open\/wp-content\/uploads\/sites\/173\/2022\/12\/cseguide.jpg\" class=\"attachment-full size-full wp-image-3863\" alt=\"\" srcset=\"https:\/\/cftc-sicsti.fr\/open\/wp-content\/uploads\/sites\/173\/2022\/12\/cseguide.jpg 940w, https:\/\/cftc-sicsti.fr\/open\/wp-content\/uploads\/sites\/173\/2022\/12\/cseguide-300x199.jpg 300w, https:\/\/cftc-sicsti.fr\/open\/wp-content\/uploads\/sites\/173\/2022\/12\/cseguide-768x510.jpg 768w, https:\/\/cftc-sicsti.fr\/open\/wp-content\/uploads\/sites\/173\/2022\/12\/cseguide-600x398.jpg 600w\" sizes=\"(max-width: 940px) 100vw, 940px\" \/>\t\t\t\t\t\t\t\t\t\t\t\t\t\t\t<\/div>\n\t\t\t\t<\/div>\n\t\t\t\t<div class=\"elementor-element elementor-element-27176d0 elementor-widget elementor-widget-heading\" data-id=\"27176d0\" data-element_type=\"widget\" data-e-type=\"widget\" data-widget_type=\"heading.default\">\n\t\t\t\t<div class=\"elementor-widget-container\">\n\t\t\t\t\t<h2 class=\"elementor-heading-title elementor-size-default\">La CFTC, forte de son exp\u00e9rience sociale, pourra vous donner les moyens de progresser dans notre organisation<br><span style=\"text-align: center;background-color: transparent\">Consultez notre guide !<\/span><\/h2>\t\t\t\t<\/div>\n\t\t\t\t<\/div>\n\t\t\t\t<div class=\"elementor-element elementor-element-9e57d1f elementor-widget elementor-widget-text-editor\" data-id=\"9e57d1f\" data-element_type=\"widget\" data-e-type=\"widget\" data-widget_type=\"text-editor.default\">\n\t\t\t\t<div class=\"elementor-widget-container\">\n\t\t\t\t\t\t\t\t\t<h2><a href=\"https:\/\/guidecse.cftc.fr\/\">https:\/\/guidecse.cftc.fr\/<\/a><\/h2>\t\t\t\t\t\t\t\t<\/div>\n\t\t\t\t<\/div>\n\t\t\t\t\t<\/div>\n\t\t<\/div>\n\t\t\t\t\t<\/div>\n\t\t<\/section>\n\t\t\t\t<\/div>\n\t\t","protected":false},"excerpt":{"rendered":"<p>Elections professionnelles La CFTC s&rsquo;engage ! Remplacement des CE par des CSE avec les ordonnances Macron de 2018 Le saviez-vous ? Depuis d\u00e9but 2018, le Comit\u00e9 Social et Economique (CSE) fusionne et remplace le comit\u00e9 d\u2019entreprise (CE), les d\u00e9l\u00e9gu\u00e9s du personnel (DP) et le comit\u00e9 d\u2019hygi\u00e8ne, de s\u00e9curit\u00e9 et des conditions de travail (CHSCT).&nbsp; Toutes [&hellip;]<\/p>\n","protected":false},"author":1,"featured_media":0,"parent":0,"menu_order":0,"comment_status":"closed","ping_status":"closed","template":"","meta":{"footnotes":""},"class_list":["post-1469","page","type-page","status-publish","hentry"],"_links":{"self":[{"href":"https:\/\/cftc-sicsti.fr\/open\/wp-json\/wp\/v2\/pages\/1469","targetHints":{"allow":["GET"]}}],"collection":[{"href":"https:\/\/cftc-sicsti.fr\/open\/wp-json\/wp\/v2\/pages"}],"about":[{"href":"https:\/\/cftc-sicsti.fr\/open\/wp-json\/wp\/v2\/types\/page"}],"author":[{"embeddable":true,"href":"https:\/\/cftc-sicsti.fr\/open\/wp-json\/wp\/v2\/users\/1"}],"replies":[{"embeddable":true,"href":"https:\/\/cftc-sicsti.fr\/open\/wp-json\/wp\/v2\/comments?post=1469"}],"version-history":[{"count":3,"href":"https:\/\/cftc-sicsti.fr\/open\/wp-json\/wp\/v2\/pages\/1469\/revisions"}],"predecessor-version":[{"id":4694,"href":"https:\/\/cftc-sicsti.fr\/open\/wp-json\/wp\/v2\/pages\/1469\/revisions\/4694"}],"wp:attachment":[{"href":"https:\/\/cftc-sicsti.fr\/open\/wp-json\/wp\/v2\/media?parent=1469"}],"curies":[{"name":"wp","href":"https:\/\/api.w.org\/{rel}","templated":true}]}}