{"id":5386,"date":"2024-02-01T10:56:53","date_gmt":"2024-02-01T09:56:53","guid":{"rendered":"https:\/\/cftc-sicsti.fr\/luminess\/?page_id=5386"},"modified":"2024-02-23T16:27:13","modified_gmt":"2024-02-23T15:27:13","slug":"contactez-nous","status":"publish","type":"page","link":"https:\/\/cftc-sicsti.fr\/luminess\/contactez-nous\/","title":{"rendered":"Contactez-nous"},"content":{"rendered":"\t\t<div data-elementor-type=\"wp-page\" data-elementor-id=\"5386\" class=\"elementor elementor-5386\" data-elementor-post-type=\"page\">\n\t\t\t\t\t\t<section class=\"elementor-section elementor-top-section elementor-element elementor-element-e5bf1b7 elementor-section-height-min-height elementor-section-items-top elementor-section-boxed elementor-section-height-default\" data-id=\"e5bf1b7\" data-element_type=\"section\" data-e-type=\"section\" data-settings=\"{&quot;background_background&quot;:&quot;classic&quot;}\">\n\t\t\t\t\t\t<div class=\"elementor-container elementor-column-gap-default\">\n\t\t\t\t\t<div class=\"elementor-column elementor-col-100 elementor-top-column elementor-element elementor-element-b11d633\" data-id=\"b11d633\" data-element_type=\"column\" data-e-type=\"column\">\n\t\t\t<div class=\"elementor-widget-wrap elementor-element-populated\">\n\t\t\t\t\t\t<div class=\"elementor-element elementor-element-7463206 elementor-search-form--skin-full_screen elementor-widget elementor-widget-search-form\" data-id=\"7463206\" data-element_type=\"widget\" data-e-type=\"widget\" data-settings=\"{&quot;skin&quot;:&quot;full_screen&quot;}\" data-widget_type=\"search-form.default\">\n\t\t\t\t<div class=\"elementor-widget-container\">\n\t\t\t\t\t\t\t<search role=\"search\">\n\t\t\t<form class=\"elementor-search-form\" action=\"https:\/\/cftc-sicsti.fr\/luminess\" method=\"get\">\n\t\t\t\t\t\t\t\t\t\t\t\t<div class=\"elementor-search-form__toggle\" tabindex=\"0\" role=\"button\">\n\t\t\t\t\t<i aria-hidden=\"true\" class=\"fas fa-search\"><\/i>\t\t\t\t\t<span class=\"elementor-screen-only\">Rechercher <\/span>\n\t\t\t\t<\/div>\n\t\t\t\t\t\t\t\t<div class=\"elementor-search-form__container\">\n\t\t\t\t\t<label class=\"elementor-screen-only\" for=\"elementor-search-form-7463206\">Rechercher <\/label>\n\n\t\t\t\t\t\n\t\t\t\t\t<input id=\"elementor-search-form-7463206\" placeholder=\"Rechercher ...\" class=\"elementor-search-form__input\" type=\"search\" name=\"s\" value=\"\">\n\t\t\t\t\t\n\t\t\t\t\t\n\t\t\t\t\t\t\t\t\t\t<div class=\"dialog-lightbox-close-button dialog-close-button\" role=\"button\" tabindex=\"0\">\n\t\t\t\t\t\t<i aria-hidden=\"true\" class=\"eicon-close\"><\/i>\t\t\t\t\t\t<span class=\"elementor-screen-only\">Fermer ce champ de recherche.<\/span>\n\t\t\t\t\t<\/div>\n\t\t\t\t\t\t\t\t\t<\/div>\n\t\t\t<\/form>\n\t\t<\/search>\n\t\t\t\t\t\t<\/div>\n\t\t\t\t<\/div>\n\t\t\t\t\t<\/div>\n\t\t<\/div>\n\t\t\t\t\t<\/div>\n\t\t<\/section>\n\t\t\t\t<section class=\"elementor-section elementor-top-section elementor-element elementor-element-d23a169 elementor-section-full_width elementor-section-height-default elementor-section-height-default\" data-id=\"d23a169\" data-element_type=\"section\" data-e-type=\"section\" data-settings=\"{&quot;background_background&quot;:&quot;classic&quot;}\">\n\t\t\t\t\t\t\t<div class=\"elementor-background-overlay\"><\/div>\n\t\t\t\t\t\t\t<div class=\"elementor-container elementor-column-gap-wider\">\n\t\t\t\t\t<div class=\"elementor-column elementor-col-100 elementor-top-column elementor-element elementor-element-647dce9\" data-id=\"647dce9\" data-element_type=\"column\" data-e-type=\"column\">\n\t\t\t<div class=\"elementor-widget-wrap elementor-element-populated\">\n\t\t\t\t\t\t<div class=\"elementor-element elementor-element-5c37f77 elementor-nav-menu__align-justify elementor-widget__width-initial elementor-nav-menu--dropdown-none elementor-widget elementor-widget-nav-menu\" data-id=\"5c37f77\" data-element_type=\"widget\" data-e-type=\"widget\" data-settings=\"{&quot;layout&quot;:&quot;horizontal&quot;,&quot;submenu_icon&quot;:{&quot;value&quot;:&quot;&lt;i class=\\&quot;fas fa-caret-down\\&quot;&gt;&lt;\\\/i&gt;&quot;,&quot;library&quot;:&quot;fa-solid&quot;}}\" data-widget_type=\"nav-menu.default\">\n\t\t\t\t<div class=\"elementor-widget-container\">\n\t\t\t\t\t\t\t\t<nav class=\"elementor-nav-menu--main elementor-nav-menu__container elementor-nav-menu--layout-horizontal e--pointer-text e--animation-grow\">\n\t\t\t\t<ul id=\"menu-1-5c37f77\" class=\"elementor-nav-menu\"><li class=\"menu-item menu-item-type-post_type menu-item-object-page menu-item-3941\"><a href=\"https:\/\/cftc-sicsti.fr\/luminess\/qui-sommes-nous\/\" class=\"elementor-item\">Qui sommes-nous ?<\/a><\/li>\n<li class=\"menu-item menu-item-type-post_type menu-item-object-page menu-item-home menu-item-5350\"><a href=\"https:\/\/cftc-sicsti.fr\/luminess\/\" class=\"elementor-item\">Actualit\u00e9s<\/a><\/li>\n<li class=\"menu-item menu-item-type-post_type menu-item-object-page menu-item-3939\"><a href=\"https:\/\/cftc-sicsti.fr\/luminess\/offres\/\" class=\"elementor-item\">Offres et Avantages<\/a><\/li>\n<li class=\"menu-item menu-item-type-post_type menu-item-object-page menu-item-3934\"><a href=\"https:\/\/cftc-sicsti.fr\/luminess\/elections\/\" class=\"elementor-item\">Elections CSE<\/a><\/li>\n<li class=\"menu-item menu-item-type-post_type menu-item-object-page menu-item-3932\"><a href=\"https:\/\/cftc-sicsti.fr\/luminess\/convention-collective\/\" class=\"elementor-item\">Convention Collective<\/a><\/li>\n<li class=\"menu-item menu-item-type-post_type menu-item-object-page menu-item-5388\"><a href=\"https:\/\/cftc-sicsti.fr\/luminess\/contactez-nous\/\" class=\"elementor-item\">Contactez-nous<\/a><\/li>\n<li class=\"menu-item menu-item-type-custom menu-item-object-custom menu-item-5859\"><a target=\"_blank\" href=\"http:\/\/cftc-sicsti.fr\/luminess\/wp-content\/uploads\/sites\/178\/2020\/04\/SICSTI-bulletin-adhesion.pdf\" class=\"elementor-item\">Nous rejoindre<\/a><\/li>\n<li class=\"menu-item menu-item-type-custom menu-item-object-custom menu-item-5900\"><a href=\"https:\/\/sicsti.fr\/Sicsti\/\" class=\"elementor-item\">Vous \u00eates adh\u00e9rent<\/a><\/li>\n<\/ul>\t\t\t<\/nav>\n\t\t\t\t\t\t<nav class=\"elementor-nav-menu--dropdown elementor-nav-menu__container\" aria-hidden=\"true\">\n\t\t\t\t<ul id=\"menu-2-5c37f77\" class=\"elementor-nav-menu\"><li class=\"menu-item menu-item-type-post_type menu-item-object-page menu-item-3941\"><a href=\"https:\/\/cftc-sicsti.fr\/luminess\/qui-sommes-nous\/\" class=\"elementor-item\" tabindex=\"-1\">Qui sommes-nous ?<\/a><\/li>\n<li class=\"menu-item menu-item-type-post_type menu-item-object-page menu-item-home menu-item-5350\"><a href=\"https:\/\/cftc-sicsti.fr\/luminess\/\" class=\"elementor-item\" tabindex=\"-1\">Actualit\u00e9s<\/a><\/li>\n<li class=\"menu-item menu-item-type-post_type menu-item-object-page menu-item-3939\"><a href=\"https:\/\/cftc-sicsti.fr\/luminess\/offres\/\" class=\"elementor-item\" tabindex=\"-1\">Offres et Avantages<\/a><\/li>\n<li class=\"menu-item menu-item-type-post_type menu-item-object-page menu-item-3934\"><a href=\"https:\/\/cftc-sicsti.fr\/luminess\/elections\/\" class=\"elementor-item\" tabindex=\"-1\">Elections CSE<\/a><\/li>\n<li class=\"menu-item menu-item-type-post_type menu-item-object-page menu-item-3932\"><a href=\"https:\/\/cftc-sicsti.fr\/luminess\/convention-collective\/\" class=\"elementor-item\" tabindex=\"-1\">Convention Collective<\/a><\/li>\n<li class=\"menu-item menu-item-type-post_type menu-item-object-page menu-item-5388\"><a href=\"https:\/\/cftc-sicsti.fr\/luminess\/contactez-nous\/\" class=\"elementor-item\" tabindex=\"-1\">Contactez-nous<\/a><\/li>\n<li class=\"menu-item menu-item-type-custom menu-item-object-custom menu-item-5859\"><a target=\"_blank\" href=\"http:\/\/cftc-sicsti.fr\/luminess\/wp-content\/uploads\/sites\/178\/2020\/04\/SICSTI-bulletin-adhesion.pdf\" class=\"elementor-item\" tabindex=\"-1\">Nous rejoindre<\/a><\/li>\n<li class=\"menu-item menu-item-type-custom menu-item-object-custom menu-item-5900\"><a href=\"https:\/\/sicsti.fr\/Sicsti\/\" class=\"elementor-item\" tabindex=\"-1\">Vous \u00eates adh\u00e9rent<\/a><\/li>\n<\/ul>\t\t\t<\/nav>\n\t\t\t\t\t\t<\/div>\n\t\t\t\t<\/div>\n\t\t\t\t<div class=\"elementor-element elementor-element-279cf81 elementor-widget elementor-widget-heading\" data-id=\"279cf81\" data-element_type=\"widget\" data-e-type=\"widget\" data-widget_type=\"heading.default\">\n\t\t\t\t<div class=\"elementor-widget-container\">\n\t\t\t\t\t<h1 class=\"elementor-heading-title elementor-size-default\">Contactez-nous<\/h1>\t\t\t\t<\/div>\n\t\t\t\t<\/div>\n\t\t\t\t\t<\/div>\n\t\t<\/div>\n\t\t\t\t\t<\/div>\n\t\t<\/section>\n\t\t\t\t<section class=\"elementor-section elementor-top-section elementor-element elementor-element-eb6308d elementor-section-full_width elementor-section-height-default elementor-section-height-default\" data-id=\"eb6308d\" data-element_type=\"section\" data-e-type=\"section\" data-settings=\"{&quot;background_background&quot;:&quot;classic&quot;}\">\n\t\t\t\t\t\t\t<div class=\"elementor-background-overlay\"><\/div>\n\t\t\t\t\t\t\t<div class=\"elementor-container elementor-column-gap-wider\">\n\t\t\t\t\t<div class=\"elementor-column elementor-col-100 elementor-top-column elementor-element elementor-element-64d5a84\" data-id=\"64d5a84\" data-element_type=\"column\" data-e-type=\"column\">\n\t\t\t<div class=\"elementor-widget-wrap elementor-element-populated\">\n\t\t\t\t\t\t<div class=\"elementor-element elementor-element-2735c14 elementor-widget elementor-widget-image\" data-id=\"2735c14\" data-element_type=\"widget\" data-e-type=\"widget\" data-widget_type=\"image.default\">\n\t\t\t\t<div class=\"elementor-widget-container\">\n\t\t\t\t\t\t\t\t\t\t\t\t\t\t\t\t<a href=\"mailto:secretariat@sicsti.fr\" target=\"_blank\" mailto=\"\">\n\t\t\t\t\t\t\t<img fetchpriority=\"high\" decoding=\"async\" width=\"675\" height=\"592\" src=\"https:\/\/cftc-sicsti.fr\/luminess\/wp-content\/uploads\/sites\/178\/2024\/02\/f3b09bb4-8ea7-44d7-98c8-bcb61e413fda.png\" class=\"attachment-large size-large wp-image-5555\" alt=\"\" srcset=\"https:\/\/cftc-sicsti.fr\/luminess\/wp-content\/uploads\/sites\/178\/2024\/02\/f3b09bb4-8ea7-44d7-98c8-bcb61e413fda.png 675w, https:\/\/cftc-sicsti.fr\/luminess\/wp-content\/uploads\/sites\/178\/2024\/02\/f3b09bb4-8ea7-44d7-98c8-bcb61e413fda-300x263.png 300w, https:\/\/cftc-sicsti.fr\/luminess\/wp-content\/uploads\/sites\/178\/2024\/02\/f3b09bb4-8ea7-44d7-98c8-bcb61e413fda-600x526.png 600w\" sizes=\"(max-width: 675px) 100vw, 675px\" \/>\t\t\t\t\t\t\t\t<\/a>\n\t\t\t\t\t\t\t\t\t\t\t\t\t\t\t<\/div>\n\t\t\t\t<\/div>\n\t\t\t\t\t<\/div>\n\t\t<\/div>\n\t\t\t\t\t<\/div>\n\t\t<\/section>\n\t\t\t\t<section class=\"elementor-section elementor-top-section elementor-element elementor-element-76d1e9e elementor-section-boxed elementor-section-height-default elementor-section-height-default\" data-id=\"76d1e9e\" data-element_type=\"section\" data-e-type=\"section\">\n\t\t\t\t\t\t<div class=\"elementor-container elementor-column-gap-default\">\n\t\t\t\t\t<div class=\"elementor-column elementor-col-100 elementor-top-column elementor-element elementor-element-21504d0\" data-id=\"21504d0\" data-element_type=\"column\" data-e-type=\"column\">\n\t\t\t<div class=\"elementor-widget-wrap elementor-element-populated\">\n\t\t\t\t\t\t<div class=\"elementor-element elementor-element-e9918ec elementor-widget elementor-widget-google_maps\" data-id=\"e9918ec\" data-element_type=\"widget\" data-e-type=\"widget\" data-widget_type=\"google_maps.default\">\n\t\t\t\t<div class=\"elementor-widget-container\">\n\t\t\t\t\t\t\t<div class=\"elementor-custom-embed\">\n\t\t\t<iframe loading=\"lazy\"\n\t\t\t\t\tsrc=\"https:\/\/maps.google.com\/maps?q=61%20jardins%20boieldieu&#038;t=m&#038;z=14&#038;output=embed&#038;iwloc=near\"\n\t\t\t\t\ttitle=\"61 jardins boieldieu\"\n\t\t\t\t\taria-label=\"61 jardins boieldieu\"\n\t\t\t><\/iframe>\n\t\t<\/div>\n\t\t\t\t\t\t<\/div>\n\t\t\t\t<\/div>\n\t\t\t\t\t<\/div>\n\t\t<\/div>\n\t\t\t\t\t<\/div>\n\t\t<\/section>\n\t\t\t\t<section class=\"elementor-section elementor-top-section elementor-element elementor-element-38baaf6 elementor-section-height-min-height elementor-section-boxed elementor-section-height-default elementor-section-items-middle\" data-id=\"38baaf6\" data-element_type=\"section\" data-e-type=\"section\" data-settings=\"{&quot;background_background&quot;:&quot;classic&quot;}\">\n\t\t\t\t\t\t\t<div class=\"elementor-background-overlay\"><\/div>\n\t\t\t\t\t\t\t<div class=\"elementor-container elementor-column-gap-custom\">\n\t\t\t\t\t<div class=\"elementor-column elementor-col-50 elementor-top-column elementor-element elementor-element-3718048\" data-id=\"3718048\" data-element_type=\"column\" data-e-type=\"column\">\n\t\t\t<div class=\"elementor-widget-wrap elementor-element-populated\">\n\t\t\t\t\t\t<div class=\"elementor-element elementor-element-ca2f563 elementor-widget elementor-widget-heading\" data-id=\"ca2f563\" data-element_type=\"widget\" data-e-type=\"widget\" data-widget_type=\"heading.default\">\n\t\t\t\t<div class=\"elementor-widget-container\">\n\t\t\t\t\t<h4 class=\"elementor-heading-title elementor-size-default\">Nos id\u00e9es t'int\u00e9ressent ? <br>Qui sait : un jour tu auras peut-\u00eatre besoin de la CFTC ?<\/h4>\t\t\t\t<\/div>\n\t\t\t\t<\/div>\n\t\t\t\t<div class=\"elementor-element elementor-element-d36ce49 elementor-widget elementor-widget-heading\" data-id=\"d36ce49\" data-element_type=\"widget\" data-e-type=\"widget\" data-widget_type=\"heading.default\">\n\t\t\t\t<div class=\"elementor-widget-container\">\n\t\t\t\t\t<h2 class=\"elementor-heading-title elementor-size-default\">N'h\u00e9site pas \u00e0 nous joindre directement !<\/h2>\t\t\t\t<\/div>\n\t\t\t\t<\/div>\n\t\t\t\t<div class=\"elementor-element elementor-element-64a3a18 elementor-mobile-align-center elementor-widget elementor-widget-button\" data-id=\"64a3a18\" data-element_type=\"widget\" data-e-type=\"widget\" data-widget_type=\"button.default\">\n\t\t\t\t<div class=\"elementor-widget-container\">\n\t\t\t\t\t\t\t\t\t<div class=\"elementor-button-wrapper\">\n\t\t\t\t\t<a class=\"elementor-button elementor-button-link elementor-size-md\" href=\"https:\/\/cftc-sicsti.fr\/luminess\/contactez-nous\/\">\n\t\t\t\t\t\t<span class=\"elementor-button-content-wrapper\">\n\t\t\t\t\t\t<span class=\"elementor-button-icon\">\n\t\t\t\t<i aria-hidden=\"true\" class=\"fas fa-arrow-right\"><\/i>\t\t\t<\/span>\n\t\t\t\t\t\t\t\t\t<span class=\"elementor-button-text\">Tous nos contacts  ICI !<\/span>\n\t\t\t\t\t<\/span>\n\t\t\t\t\t<\/a>\n\t\t\t\t<\/div>\n\t\t\t\t\t\t\t\t<\/div>\n\t\t\t\t<\/div>\n\t\t\t\t\t<\/div>\n\t\t<\/div>\n\t\t\t\t<div class=\"elementor-column elementor-col-50 elementor-top-column elementor-element elementor-element-ff5241e\" data-id=\"ff5241e\" data-element_type=\"column\" data-e-type=\"column\">\n\t\t\t<div class=\"elementor-widget-wrap elementor-element-populated\">\n\t\t\t\t\t\t<div class=\"elementor-element elementor-element-d16c4f4 elementor-widget elementor-widget-image\" data-id=\"d16c4f4\" data-element_type=\"widget\" data-e-type=\"widget\" data-settings=\"{&quot;motion_fx_motion_fx_scrolling&quot;:&quot;yes&quot;,&quot;motion_fx_translateY_effect&quot;:&quot;yes&quot;,&quot;motion_fx_translateY_direction&quot;:&quot;negative&quot;,&quot;motion_fx_translateY_speed&quot;:{&quot;unit&quot;:&quot;px&quot;,&quot;size&quot;:&quot;1&quot;,&quot;sizes&quot;:[]},&quot;motion_fx_devices&quot;:[&quot;desktop&quot;,&quot;tablet&quot;],&quot;motion_fx_translateY_affectedRange&quot;:{&quot;unit&quot;:&quot;%&quot;,&quot;size&quot;:&quot;&quot;,&quot;sizes&quot;:{&quot;start&quot;:&quot;0&quot;,&quot;end&quot;:&quot;50&quot;}}}\" data-widget_type=\"image.default\">\n\t\t\t\t<div class=\"elementor-widget-container\">\n\t\t\t\t\t\t\t\t\t\t\t\t\t\t\t<img decoding=\"async\" width=\"940\" height=\"788\" src=\"https:\/\/cftc-sicsti.fr\/luminess\/wp-content\/uploads\/sites\/178\/2022\/12\/besoin11.png\" class=\"attachment-full size-full wp-image-3717\" alt=\"\" srcset=\"https:\/\/cftc-sicsti.fr\/luminess\/wp-content\/uploads\/sites\/178\/2022\/12\/besoin11.png 940w, https:\/\/cftc-sicsti.fr\/luminess\/wp-content\/uploads\/sites\/178\/2022\/12\/besoin11-300x251.png 300w, https:\/\/cftc-sicsti.fr\/luminess\/wp-content\/uploads\/sites\/178\/2022\/12\/besoin11-768x644.png 768w, https:\/\/cftc-sicsti.fr\/luminess\/wp-content\/uploads\/sites\/178\/2022\/12\/besoin11-600x503.png 600w\" sizes=\"(max-width: 940px) 100vw, 940px\" \/>\t\t\t\t\t\t\t\t\t\t\t\t\t\t\t<\/div>\n\t\t\t\t<\/div>\n\t\t\t\t<section class=\"elementor-section elementor-inner-section elementor-element elementor-element-db583ab elementor-section-boxed elementor-section-height-default elementor-section-height-default\" data-id=\"db583ab\" data-element_type=\"section\" data-e-type=\"section\">\n\t\t\t\t\t\t<div class=\"elementor-container elementor-column-gap-default\">\n\t\t\t\t\t<div class=\"elementor-column elementor-col-50 elementor-inner-column elementor-element elementor-element-72bb032\" data-id=\"72bb032\" data-element_type=\"column\" data-e-type=\"column\">\n\t\t\t<div class=\"elementor-widget-wrap elementor-element-populated\">\n\t\t\t\t\t\t<div class=\"elementor-element elementor-element-79e5632 elementor-widget elementor-widget-text-editor\" data-id=\"79e5632\" data-element_type=\"widget\" data-e-type=\"widget\" data-widget_type=\"text-editor.default\">\n\t\t\t\t<div class=\"elementor-widget-container\">\n\t\t\t\t\t\t\t\t\t<p style=\"text-align: right;color: #ffffff;vertical-align: middle\">La CFTC respecte la <a href=\"http:\/\/cftc.fr\/faq\">RGPD<\/a><\/p>\t\t\t\t\t\t\t\t<\/div>\n\t\t\t\t<\/div>\n\t\t\t\t\t<\/div>\n\t\t<\/div>\n\t\t\t\t<div class=\"elementor-column elementor-col-50 elementor-inner-column elementor-element elementor-element-81727b8\" data-id=\"81727b8\" data-element_type=\"column\" data-e-type=\"column\">\n\t\t\t<div class=\"elementor-widget-wrap elementor-element-populated\">\n\t\t\t\t\t\t<div class=\"elementor-element elementor-element-702956c elementor-widget elementor-widget-image\" data-id=\"702956c\" data-element_type=\"widget\" data-e-type=\"widget\" data-widget_type=\"image.default\">\n\t\t\t\t<div class=\"elementor-widget-container\">\n\t\t\t\t\t\t\t\t\t\t\t\t\t\t\t\t<a href=\"https:\/\/www.cnil.fr\/sites\/default\/files\/atoms\/files\/bpi-cnil-rgpd_guide-tpe-pme.pdf\">\n\t\t\t\t\t\t\t<img decoding=\"async\" width=\"800\" height=\"420\" src=\"https:\/\/cftc-sicsti.fr\/luminess\/wp-content\/uploads\/sites\/178\/2022\/12\/rgpd-bilan-1-an-fb11-1024x538.jpg\" class=\"attachment-large size-large wp-image-3718\" alt=\"\" srcset=\"https:\/\/cftc-sicsti.fr\/luminess\/wp-content\/uploads\/sites\/178\/2022\/12\/rgpd-bilan-1-an-fb11-1024x538.jpg 1024w, https:\/\/cftc-sicsti.fr\/luminess\/wp-content\/uploads\/sites\/178\/2022\/12\/rgpd-bilan-1-an-fb11-300x158.jpg 300w, https:\/\/cftc-sicsti.fr\/luminess\/wp-content\/uploads\/sites\/178\/2022\/12\/rgpd-bilan-1-an-fb11-768x403.jpg 768w, https:\/\/cftc-sicsti.fr\/luminess\/wp-content\/uploads\/sites\/178\/2022\/12\/rgpd-bilan-1-an-fb11-600x315.jpg 600w, https:\/\/cftc-sicsti.fr\/luminess\/wp-content\/uploads\/sites\/178\/2022\/12\/rgpd-bilan-1-an-fb11.jpg 1200w\" sizes=\"(max-width: 800px) 100vw, 800px\" \/>\t\t\t\t\t\t\t\t<\/a>\n\t\t\t\t\t\t\t\t\t\t\t\t\t\t\t<\/div>\n\t\t\t\t<\/div>\n\t\t\t\t\t<\/div>\n\t\t<\/div>\n\t\t\t\t\t<\/div>\n\t\t<\/section>\n\t\t\t\t\t<\/div>\n\t\t<\/div>\n\t\t\t\t\t<\/div>\n\t\t<\/section>\n\t\t\t\t<\/div>\n\t\t","protected":false},"excerpt":{"rendered":"<p>Contactez-nous Nos id\u00e9es t&rsquo;int\u00e9ressent ? Qui sait : un jour tu auras peut-\u00eatre besoin de la CFTC ? N&rsquo;h\u00e9site pas \u00e0 nous joindre directement ! Tous nos contacts ICI ! La CFTC respecte la RGPD<\/p>\n","protected":false},"author":355,"featured_media":0,"parent":0,"menu_order":0,"comment_status":"closed","ping_status":"closed","template":"elementor_header_footer","meta":{"footnotes":""},"class_list":["post-5386","page","type-page","status-publish","hentry"],"_links":{"self":[{"href":"https:\/\/cftc-sicsti.fr\/luminess\/wp-json\/wp\/v2\/pages\/5386","targetHints":{"allow":["GET"]}}],"collection":[{"href":"https:\/\/cftc-sicsti.fr\/luminess\/wp-json\/wp\/v2\/pages"}],"about":[{"href":"https:\/\/cftc-sicsti.fr\/luminess\/wp-json\/wp\/v2\/types\/page"}],"author":[{"embeddable":true,"href":"https:\/\/cftc-sicsti.fr\/luminess\/wp-json\/wp\/v2\/users\/355"}],"replies":[{"embeddable":true,"href":"https:\/\/cftc-sicsti.fr\/luminess\/wp-json\/wp\/v2\/comments?post=5386"}],"version-history":[{"count":3,"href":"https:\/\/cftc-sicsti.fr\/luminess\/wp-json\/wp\/v2\/pages\/5386\/revisions"}],"predecessor-version":[{"id":5899,"href":"https:\/\/cftc-sicsti.fr\/luminess\/wp-json\/wp\/v2\/pages\/5386\/revisions\/5899"}],"wp:attachment":[{"href":"https:\/\/cftc-sicsti.fr\/luminess\/wp-json\/wp\/v2\/media?parent=5386"}],"curies":[{"name":"wp","href":"https:\/\/api.w.org\/{rel}","templated":true}]}}