{"id":4646,"date":"2019-12-10T18:53:22","date_gmt":"2019-12-10T17:53:22","guid":{"rendered":"https:\/\/cftc-sicsti.fr\/cegid\/_contacts\/"},"modified":"2023-01-20T16:16:02","modified_gmt":"2023-01-20T15:16:02","slug":"_contacts","status":"publish","type":"page","link":"https:\/\/cftc-sicsti.fr\/cegid\/_contacts\/","title":{"rendered":"_Contacts"},"content":{"rendered":"\t\t<div data-elementor-type=\"wp-page\" data-elementor-id=\"4646\" class=\"elementor elementor-4646\" data-elementor-post-type=\"page\">\n\t\t\t\t\t\t<section class=\"elementor-section elementor-top-section elementor-element elementor-element-20087b38 elementor-section-height-min-height elementor-section-boxed elementor-section-height-default elementor-section-items-middle\" data-id=\"20087b38\" data-element_type=\"section\" data-e-type=\"section\" data-settings=\"{&quot;background_background&quot;:&quot;gradient&quot;,&quot;shape_divider_bottom&quot;:&quot;waves&quot;}\">\n\t\t\t\t\t\t\t<div class=\"elementor-background-overlay\"><\/div>\n\t\t\t\t\t\t<div class=\"elementor-shape elementor-shape-bottom\" aria-hidden=\"true\" data-negative=\"false\">\n\t\t\t<svg xmlns=\"http:\/\/www.w3.org\/2000\/svg\" viewBox=\"0 0 1000 100\" preserveAspectRatio=\"none\">\n\t<path class=\"elementor-shape-fill\" d=\"M421.9,6.5c22.6-2.5,51.5,0.4,75.5,5.3c23.6,4.9,70.9,23.5,100.5,35.7c75.8,32.2,133.7,44.5,192.6,49.7\n\tc23.6,2.1,48.7,3.5,103.4-2.5c54.7-6,106.2-25.6,106.2-25.6V0H0v30.3c0,0,72,32.6,158.4,30.5c39.2-0.7,92.8-6.7,134-22.4\n\tc21.2-8.1,52.2-18.2,79.7-24.2C399.3,7.9,411.6,7.5,421.9,6.5z\"\/>\n<\/svg>\t\t<\/div>\n\t\t\t\t\t<div class=\"elementor-container elementor-column-gap-default\">\n\t\t\t\t\t<div class=\"elementor-column elementor-col-100 elementor-top-column elementor-element elementor-element-6b48088a\" data-id=\"6b48088a\" data-element_type=\"column\" data-e-type=\"column\">\n\t\t\t<div class=\"elementor-widget-wrap elementor-element-populated\">\n\t\t\t\t\t\t<div class=\"elementor-element elementor-element-4dc1d9f8 elementor-widget elementor-widget-heading\" data-id=\"4dc1d9f8\" data-element_type=\"widget\" data-e-type=\"widget\" data-widget_type=\"heading.default\">\n\t\t\t\t<div class=\"elementor-widget-container\">\n\t\t\t\t\t<h1 class=\"elementor-heading-title elementor-size-default\">Contactez-nous !<\/h1>\t\t\t\t<\/div>\n\t\t\t\t<\/div>\n\t\t\t\t<div class=\"elementor-element elementor-element-297d37e3 elementor-widget elementor-widget-heading\" data-id=\"297d37e3\" data-element_type=\"widget\" data-e-type=\"widget\" data-widget_type=\"heading.default\">\n\t\t\t\t<div class=\"elementor-widget-container\">\n\t\t\t\t\t<h3 class=\"elementor-heading-title elementor-size-default\">Pour toute question et\/ou conseil <br>n\u2019h\u00e9sitez pas \u00e0 nous solliciter: <\/h3>\t\t\t\t<\/div>\n\t\t\t\t<\/div>\n\t\t\t\t\t<\/div>\n\t\t<\/div>\n\t\t\t\t\t<\/div>\n\t\t<\/section>\n\t\t\t\t<section class=\"elementor-section elementor-top-section elementor-element elementor-element-05164e9 elementor-section-boxed elementor-section-height-default elementor-section-height-default\" data-id=\"05164e9\" data-element_type=\"section\" data-e-type=\"section\">\n\t\t\t\t\t\t<div class=\"elementor-container elementor-column-gap-default\">\n\t\t\t\t\t<div class=\"elementor-column elementor-col-100 elementor-top-column elementor-element elementor-element-45ba626\" data-id=\"45ba626\" data-element_type=\"column\" data-e-type=\"column\">\n\t\t\t<div class=\"elementor-widget-wrap\">\n\t\t\t\t\t\t\t<\/div>\n\t\t<\/div>\n\t\t\t\t\t<\/div>\n\t\t<\/section>\n\t\t\t\t<section class=\"elementor-section elementor-top-section elementor-element elementor-element-5ced32a elementor-section-boxed elementor-section-height-default elementor-section-height-default\" data-id=\"5ced32a\" data-element_type=\"section\" data-e-type=\"section\" data-settings=\"{&quot;background_background&quot;:&quot;classic&quot;}\">\n\t\t\t\t\t\t<div class=\"elementor-container elementor-column-gap-no\">\n\t\t\t\t\t<div class=\"elementor-column elementor-col-33 elementor-top-column elementor-element elementor-element-327eef5\" data-id=\"327eef5\" data-element_type=\"column\" data-e-type=\"column\">\n\t\t\t<div class=\"elementor-widget-wrap elementor-element-populated\">\n\t\t\t\t\t\t<div class=\"elementor-element elementor-element-27c48ab elementor-position-left elementor-vertical-align-top elementor-widget elementor-widget-image-box\" data-id=\"27c48ab\" data-element_type=\"widget\" data-e-type=\"widget\" data-widget_type=\"image-box.default\">\n\t\t\t\t<div class=\"elementor-widget-container\">\n\t\t\t\t\t<div class=\"elementor-image-box-wrapper\"><figure class=\"elementor-image-box-img\"><img decoding=\"async\" width=\"168\" height=\"166\" src=\"https:\/\/cftc-sicsti.fr\/cegid\/wp-content\/uploads\/sites\/145\/2023\/01\/mumu.jpg\" class=\"attachment-medium_large size-medium_large wp-image-5466\" alt=\"\" \/><\/figure><div class=\"elementor-image-box-content\"><h3 class=\"elementor-image-box-title\"><h3 data-elementor-setting-key=\"title_text\" data-elementor-inline-editing-toolbar=\"none\" data-pen-placeholder=\"\u00c9crivez ici...\" style=\"text-align: center;margin-bottom: 0px;font-family: var( --e-global-typography-primary-font-family ), Sans-serif\"><span style=\"font-family: var( --e-global-typography-primary-font-family ), Sans-serif;text-align: left;font-size: 35px\"><font color=\"#ffffff\"><b>Murielle CART<\/b><\/font><\/span><span style=\"color: var( --e-global-color-primary );font-size: 1.75rem;font-weight: var( --e-global-typography-primary-font-weight );font-family: var( --e-global-typography-primary-font-family ), Sans-serif;text-align: left\"><\/span><font color=\"#ffffff\"><span style=\"font-size: 35px\"><b><br><\/b><\/span><\/font><\/h3><\/h3><p class=\"elementor-image-box-description\"><div style=\"text-align: center\"><span style=\"font-family: var( --e-global-typography-text-font-family ), Sans-serif;font-weight: var( --e-global-typography-text-font-weight );font-size: 15px;letter-spacing: 5px;text-transform: uppercase\"><font color=\"#686868\">responsable section syndicale<\/font><\/span><span style=\"color: var( --e-global-color-text );font-family: var( --e-global-typography-text-font-family ), Sans-serif;font-weight: var( --e-global-typography-text-font-weight );font-size: 1rem\"><\/span><\/div><\/p><\/div><\/div>\t\t\t\t<\/div>\n\t\t\t\t<\/div>\n\t\t\t\t\t<\/div>\n\t\t<\/div>\n\t\t\t\t<div class=\"elementor-column elementor-col-33 elementor-top-column elementor-element elementor-element-c2f7a6e\" data-id=\"c2f7a6e\" data-element_type=\"column\" data-e-type=\"column\">\n\t\t\t<div class=\"elementor-widget-wrap elementor-element-populated\">\n\t\t\t\t\t\t<div class=\"elementor-element elementor-element-2bb79b6 elementor-vertical-align-middle elementor-position-left elementor-widget elementor-widget-image-box\" data-id=\"2bb79b6\" data-element_type=\"widget\" data-e-type=\"widget\" data-widget_type=\"image-box.default\">\n\t\t\t\t<div class=\"elementor-widget-container\">\n\t\t\t\t\t<div class=\"elementor-image-box-wrapper\"><figure class=\"elementor-image-box-img\"><img decoding=\"async\" width=\"162\" height=\"174\" src=\"https:\/\/cftc-sicsti.fr\/cegid\/wp-content\/uploads\/sites\/145\/2023\/01\/alain.jpg\" class=\"attachment-medium_large size-medium_large wp-image-5464\" alt=\"\" \/><\/figure><div class=\"elementor-image-box-content\"><h3 class=\"elementor-image-box-title\">Alain TREFFORT-RAMOS<\/h3><p class=\"elementor-image-box-description\">ELu CSE<br>D\u00e9l\u00e9gu\u00e9 syndical Ets<\/p><\/div><\/div>\t\t\t\t<\/div>\n\t\t\t\t<\/div>\n\t\t\t\t\t<\/div>\n\t\t<\/div>\n\t\t\t\t<div class=\"elementor-column elementor-col-33 elementor-top-column elementor-element elementor-element-716d113\" data-id=\"716d113\" data-element_type=\"column\" data-e-type=\"column\">\n\t\t\t<div class=\"elementor-widget-wrap elementor-element-populated\">\n\t\t\t\t\t\t<div class=\"elementor-element elementor-element-9a1f578 elementor-vertical-align-middle elementor-position-left elementor-widget elementor-widget-image-box\" data-id=\"9a1f578\" data-element_type=\"widget\" data-e-type=\"widget\" data-widget_type=\"image-box.default\">\n\t\t\t\t<div class=\"elementor-widget-container\">\n\t\t\t\t\t<div class=\"elementor-image-box-wrapper\"><figure class=\"elementor-image-box-img\"><img decoding=\"async\" width=\"171\" height=\"178\" src=\"https:\/\/cftc-sicsti.fr\/cegid\/wp-content\/uploads\/sites\/145\/2023\/01\/delphine.jpg\" class=\"attachment-medium_large size-medium_large wp-image-5465\" alt=\"\" \/><\/figure><div class=\"elementor-image-box-content\"><h3 class=\"elementor-image-box-title\">Delphine GILARDONE<\/h3><p class=\"elementor-image-box-description\">EluE CSE<br>DELEGUEe SYNDICAL ETS<\/p><\/div><\/div>\t\t\t\t<\/div>\n\t\t\t\t<\/div>\n\t\t\t\t\t<\/div>\n\t\t<\/div>\n\t\t\t\t\t<\/div>\n\t\t<\/section>\n\t\t\t\t<\/div>\n\t\t","protected":false},"excerpt":{"rendered":"<p>Contactez-nous ! Pour toute question et\/ou conseil n\u2019h\u00e9sitez pas \u00e0 nous solliciter: Murielle CART responsable section syndicale Alain TREFFORT-RAMOS ELu CSED\u00e9l\u00e9gu\u00e9 syndical Ets Delphine GILARDONE EluE CSEDELEGUEe SYNDICAL ETS<\/p>\n","protected":false},"author":1,"featured_media":0,"parent":0,"menu_order":0,"comment_status":"closed","ping_status":"closed","template":"","meta":{"footnotes":""},"class_list":["post-4646","page","type-page","status-publish","hentry"],"_links":{"self":[{"href":"https:\/\/cftc-sicsti.fr\/cegid\/wp-json\/wp\/v2\/pages\/4646","targetHints":{"allow":["GET"]}}],"collection":[{"href":"https:\/\/cftc-sicsti.fr\/cegid\/wp-json\/wp\/v2\/pages"}],"about":[{"href":"https:\/\/cftc-sicsti.fr\/cegid\/wp-json\/wp\/v2\/types\/page"}],"author":[{"embeddable":true,"href":"https:\/\/cftc-sicsti.fr\/cegid\/wp-json\/wp\/v2\/users\/1"}],"replies":[{"embeddable":true,"href":"https:\/\/cftc-sicsti.fr\/cegid\/wp-json\/wp\/v2\/comments?post=4646"}],"version-history":[{"count":3,"href":"https:\/\/cftc-sicsti.fr\/cegid\/wp-json\/wp\/v2\/pages\/4646\/revisions"}],"predecessor-version":[{"id":5472,"href":"https:\/\/cftc-sicsti.fr\/cegid\/wp-json\/wp\/v2\/pages\/4646\/revisions\/5472"}],"wp:attachment":[{"href":"https:\/\/cftc-sicsti.fr\/cegid\/wp-json\/wp\/v2\/media?parent=4646"}],"curies":[{"name":"wp","href":"https:\/\/api.w.org\/{rel}","templated":true}]}}